{"id":13287,"date":"2025-09-17T06:01:25","date_gmt":"2025-09-17T10:01:25","guid":{"rendered":"https:\/\/www.gorselsanatlar.com.tr\/?page_id=13287"},"modified":"2025-10-16T02:00:20","modified_gmt":"2025-10-16T06:00:20","slug":"textile","status":"publish","type":"page","link":"https:\/\/www.gorselsanatlar.com.tr\/tr\/textile\/","title":{"rendered":"Tekstil"},"content":{"rendered":"<div data-elementor-type=\"wp-page\" data-elementor-id=\"13287\" class=\"elementor elementor-13287\" data-elementor-post-type=\"page\">\n\t\t\t\t\t\t<section class=\"elementor-section elementor-top-section elementor-element elementor-element-1de558b elementor-section-full_width elementor-section-height-default elementor-section-height-default\" data-id=\"1de558b\" data-element_type=\"section\">\n\t\t\t\t\t\t<div class=\"elementor-container elementor-column-gap-no\">\n\t\t\t\t\t<div class=\"elementor-column elementor-col-100 elementor-top-column elementor-element elementor-element-128d024c\" data-id=\"128d024c\" data-element_type=\"column\">\n\t\t\t<div class=\"elementor-widget-wrap\">\n\t\t\t\t\t\t\t<\/div>\n\t\t<\/div>\n\t\t\t\t\t<\/div>\n\t\t<\/section>\n\t\t<div class=\"elementor-element elementor-element-47a6683 e-flex e-con-boxed e-con e-parent\" data-id=\"47a6683\" data-element_type=\"container\">\n\t\t\t\t\t<div class=\"e-con-inner\">\n\t\t\t\t<div class=\"elementor-element elementor-element-95acf49 elementor-widget elementor-widget-hfe-breadcrumbs-widget\" data-id=\"95acf49\" data-element_type=\"widget\" data-widget_type=\"hfe-breadcrumbs-widget.default\">\n\t\t\t\t<div class=\"elementor-widget-container\">\n\t\t\t\t\t<nav aria-label=\"Breadcrumb\"><ul class=\"hfe-breadcrumbs hfe-breadcrumbs-show-home\"><li class=\"hfe-breadcrumbs-item hfe-breadcrumbs-first\"><span class=\"hfe-breadcrumbs-home-icon\"><svg aria-hidden=\"true\" class=\"e-font-icon-svg e-fas-home\" viewbox=\"0 0 576 512\" xmlns=\"http:\/\/www.w3.org\/2000\/svg\"><path d=\"M280.37 148.26L96 300.11V464a16 16 0 0 0 16 16l112.06-.29a16 16 0 0 0 15.92-16V368a16 16 0 0 1 16-16h64a16 16 0 0 1 16 16v95.64a16 16 0 0 0 16 16.05L464 480a16 16 0 0 0 16-16V300L295.67 148.26a12.19 12.19 0 0 0-15.3 0zM571.6 251.47L488 182.56V44.05a12 12 0 0 0-12-12h-56a12 12 0 0 0-12 12v72.61L318.47 43a48 48 0 0 0-61 0L4.34 251.47a12 12 0 0 0-1.6 16.9l25.5 31A12 12 0 0 0 45.15 301l235.22-193.74a12.19 12.19 0 0 1 15.3 0L530.9 301a12 12 0 0 0 16.9-1.6l25.5-31a12 12 0 0 0-1.7-16.93z\"><\/path><\/svg><\/span><a href=\"https:\/\/www.gorselsanatlar.com.tr\/tr\"><span class=\"hfe-breadcrumbs-text\">Anasayfa<\/span><\/a><\/li><\/ul><\/nav>\t\t\t\t<\/div>\n\t\t\t\t<\/div>\n\t\t\t\t\t<\/div>\n\t\t\t\t<\/div>\n\t\t<div class=\"elementor-element elementor-element-3a23dbdb e-flex e-con-boxed e-con e-parent\" data-id=\"3a23dbdb\" data-element_type=\"container\">\n\t\t\t\t\t<div class=\"e-con-inner\">\n\t\t\t\t<div class=\"elementor-element elementor-element-4bd8f194 elementor-widget elementor-widget-image-gallery\" data-id=\"4bd8f194\" data-element_type=\"widget\" data-widget_type=\"image-gallery.default\">\n\t\t\t\t\t\t\t<div class=\"elementor-image-gallery\">\n\t\t\t<div id='gallery-1' class='gallery galleryid-13287 gallery-columns-3 gallery-size-echofy-team'><figure class='gallery-item'>\n\t\t\t<div class='gallery-icon landscape'>\n\t\t\t\t<a data-elementor-open-lightbox=\"yes\" data-elementor-lightbox-slideshow=\"4bd8f194\" data-elementor-lightbox-title=\"Tekstil-1\" data-e-action-hash=\"#elementor-action%3Aaction%3Dlightbox%26settings%3DeyJpZCI6MTMyOTAsInVybCI6Imh0dHBzOlwvXC93d3cuZ29yc2Vsc2FuYXRsYXIuY29tLnRyXC93cC1jb250ZW50XC91cGxvYWRzXC8yMDI1XC8wOVwvVGVrc3RpbC0xLmpwZyIsInNsaWRlc2hvdyI6IjRiZDhmMTk0In0%3D\" href='https:\/\/www.gorselsanatlar.com.tr\/wp-content\/uploads\/2025\/09\/Tekstil-1.jpg'><img fetchpriority=\"high\" decoding=\"async\" width=\"450\" height=\"450\" src=\"https:\/\/www.gorselsanatlar.com.tr\/wp-content\/uploads\/2025\/09\/Tekstil-1-450x450.jpg\" class=\"attachment-echofy-team size-echofy-team\" alt=\"\" srcset=\"https:\/\/www.gorselsanatlar.com.tr\/wp-content\/uploads\/2025\/09\/Tekstil-1-450x450.jpg 450w, https:\/\/www.gorselsanatlar.com.tr\/wp-content\/uploads\/2025\/09\/Tekstil-1-300x300.jpg 300w, https:\/\/www.gorselsanatlar.com.tr\/wp-content\/uploads\/2025\/09\/Tekstil-1-150x150.jpg 150w, https:\/\/www.gorselsanatlar.com.tr\/wp-content\/uploads\/2025\/09\/Tekstil-1-106x106.jpg 106w, https:\/\/www.gorselsanatlar.com.tr\/wp-content\/uploads\/2025\/09\/Tekstil-1-560x560.jpg 560w, https:\/\/www.gorselsanatlar.com.tr\/wp-content\/uploads\/2025\/09\/Tekstil-1-80x80.jpg 80w, https:\/\/www.gorselsanatlar.com.tr\/wp-content\/uploads\/2025\/09\/Tekstil-1.jpg 600w\" sizes=\"(max-width: 450px) 100vw, 450px\" \/><\/a>\n\t\t\t<\/div><\/figure><figure class='gallery-item'>\n\t\t\t<div class='gallery-icon landscape'>\n\t\t\t\t<a data-elementor-open-lightbox=\"yes\" data-elementor-lightbox-slideshow=\"4bd8f194\" data-elementor-lightbox-title=\"Tekstil-2\" data-e-action-hash=\"#elementor-action%3Aaction%3Dlightbox%26settings%3DeyJpZCI6MTMyOTEsInVybCI6Imh0dHBzOlwvXC93d3cuZ29yc2Vsc2FuYXRsYXIuY29tLnRyXC93cC1jb250ZW50XC91cGxvYWRzXC8yMDI1XC8wOVwvVGVrc3RpbC0yLmpwZyIsInNsaWRlc2hvdyI6IjRiZDhmMTk0In0%3D\" href='https:\/\/www.gorselsanatlar.com.tr\/wp-content\/uploads\/2025\/09\/Tekstil-2.jpg'><img decoding=\"async\" width=\"450\" height=\"450\" src=\"https:\/\/www.gorselsanatlar.com.tr\/wp-content\/uploads\/2025\/09\/Tekstil-2-450x450.jpg\" class=\"attachment-echofy-team size-echofy-team\" alt=\"\" srcset=\"https:\/\/www.gorselsanatlar.com.tr\/wp-content\/uploads\/2025\/09\/Tekstil-2-450x450.jpg 450w, https:\/\/www.gorselsanatlar.com.tr\/wp-content\/uploads\/2025\/09\/Tekstil-2-300x300.jpg 300w, https:\/\/www.gorselsanatlar.com.tr\/wp-content\/uploads\/2025\/09\/Tekstil-2-150x150.jpg 150w, https:\/\/www.gorselsanatlar.com.tr\/wp-content\/uploads\/2025\/09\/Tekstil-2-106x106.jpg 106w, https:\/\/www.gorselsanatlar.com.tr\/wp-content\/uploads\/2025\/09\/Tekstil-2-560x560.jpg 560w, https:\/\/www.gorselsanatlar.com.tr\/wp-content\/uploads\/2025\/09\/Tekstil-2-80x80.jpg 80w, https:\/\/www.gorselsanatlar.com.tr\/wp-content\/uploads\/2025\/09\/Tekstil-2.jpg 600w\" sizes=\"(max-width: 450px) 100vw, 450px\" \/><\/a>\n\t\t\t<\/div><\/figure><figure class='gallery-item'>\n\t\t\t<div class='gallery-icon landscape'>\n\t\t\t\t<a data-elementor-open-lightbox=\"yes\" data-elementor-lightbox-slideshow=\"4bd8f194\" data-elementor-lightbox-title=\"Tekstil-3\" data-e-action-hash=\"#elementor-action%3Aaction%3Dlightbox%26settings%3DeyJpZCI6MTMyOTIsInVybCI6Imh0dHBzOlwvXC93d3cuZ29yc2Vsc2FuYXRsYXIuY29tLnRyXC93cC1jb250ZW50XC91cGxvYWRzXC8yMDI1XC8wOVwvVGVrc3RpbC0zLmpwZyIsInNsaWRlc2hvdyI6IjRiZDhmMTk0In0%3D\" href='https:\/\/www.gorselsanatlar.com.tr\/wp-content\/uploads\/2025\/09\/Tekstil-3.jpg'><img decoding=\"async\" width=\"450\" height=\"450\" src=\"https:\/\/www.gorselsanatlar.com.tr\/wp-content\/uploads\/2025\/09\/Tekstil-3-450x450.jpg\" class=\"attachment-echofy-team size-echofy-team\" alt=\"\" srcset=\"https:\/\/www.gorselsanatlar.com.tr\/wp-content\/uploads\/2025\/09\/Tekstil-3-450x450.jpg 450w, https:\/\/www.gorselsanatlar.com.tr\/wp-content\/uploads\/2025\/09\/Tekstil-3-300x300.jpg 300w, https:\/\/www.gorselsanatlar.com.tr\/wp-content\/uploads\/2025\/09\/Tekstil-3-150x150.jpg 150w, https:\/\/www.gorselsanatlar.com.tr\/wp-content\/uploads\/2025\/09\/Tekstil-3-106x106.jpg 106w, https:\/\/www.gorselsanatlar.com.tr\/wp-content\/uploads\/2025\/09\/Tekstil-3-560x560.jpg 560w, https:\/\/www.gorselsanatlar.com.tr\/wp-content\/uploads\/2025\/09\/Tekstil-3-80x80.jpg 80w, https:\/\/www.gorselsanatlar.com.tr\/wp-content\/uploads\/2025\/09\/Tekstil-3.jpg 600w\" sizes=\"(max-width: 450px) 100vw, 450px\" \/><\/a>\n\t\t\t<\/div><\/figure><figure class='gallery-item'>\n\t\t\t<div class='gallery-icon landscape'>\n\t\t\t\t<a data-elementor-open-lightbox=\"yes\" data-elementor-lightbox-slideshow=\"4bd8f194\" data-elementor-lightbox-title=\"_DSC6000_GS\" data-e-action-hash=\"#elementor-action%3Aaction%3Dlightbox%26settings%3DeyJpZCI6MTMyOTMsInVybCI6Imh0dHBzOlwvXC93d3cuZ29yc2Vsc2FuYXRsYXIuY29tLnRyXC93cC1jb250ZW50XC91cGxvYWRzXC8yMDI1XC8wOVwvRFNDNjAwMF9HUy1zY2FsZWQuanBnIiwic2xpZGVzaG93IjoiNGJkOGYxOTQifQ%3D%3D\" href='https:\/\/www.gorselsanatlar.com.tr\/wp-content\/uploads\/2025\/09\/DSC6000_GS-scaled.jpg'><img loading=\"lazy\" decoding=\"async\" width=\"450\" height=\"450\" src=\"https:\/\/www.gorselsanatlar.com.tr\/wp-content\/uploads\/2025\/09\/DSC6000_GS-450x450.jpg\" class=\"attachment-echofy-team size-echofy-team\" alt=\"\" srcset=\"https:\/\/www.gorselsanatlar.com.tr\/wp-content\/uploads\/2025\/09\/DSC6000_GS-450x450.jpg 450w, https:\/\/www.gorselsanatlar.com.tr\/wp-content\/uploads\/2025\/09\/DSC6000_GS-150x150.jpg 150w, https:\/\/www.gorselsanatlar.com.tr\/wp-content\/uploads\/2025\/09\/DSC6000_GS-106x106.jpg 106w, https:\/\/www.gorselsanatlar.com.tr\/wp-content\/uploads\/2025\/09\/DSC6000_GS-560x560.jpg 560w, https:\/\/www.gorselsanatlar.com.tr\/wp-content\/uploads\/2025\/09\/DSC6000_GS-80x80.jpg 80w\" sizes=\"(max-width: 450px) 100vw, 450px\" \/><\/a>\n\t\t\t<\/div><\/figure><figure class='gallery-item'>\n\t\t\t<div class='gallery-icon landscape'>\n\t\t\t\t<a data-elementor-open-lightbox=\"yes\" data-elementor-lightbox-slideshow=\"4bd8f194\" data-elementor-lightbox-title=\"_DSC2726\" data-e-action-hash=\"#elementor-action%3Aaction%3Dlightbox%26settings%3DeyJpZCI6MTQyMDAsInVybCI6Imh0dHBzOlwvXC93d3cuZ29yc2Vsc2FuYXRsYXIuY29tLnRyXC93cC1jb250ZW50XC91cGxvYWRzXC8yMDI1XC8xMFwvRFNDMjcyNi1zY2FsZWQuanBnIiwic2xpZGVzaG93IjoiNGJkOGYxOTQifQ%3D%3D\" href='https:\/\/www.gorselsanatlar.com.tr\/wp-content\/uploads\/2025\/10\/DSC2726-scaled.jpg'><img loading=\"lazy\" decoding=\"async\" width=\"450\" height=\"450\" src=\"https:\/\/www.gorselsanatlar.com.tr\/wp-content\/uploads\/2025\/10\/DSC2726-450x450.jpg\" class=\"attachment-echofy-team size-echofy-team\" alt=\"\" srcset=\"https:\/\/www.gorselsanatlar.com.tr\/wp-content\/uploads\/2025\/10\/DSC2726-450x450.jpg 450w, https:\/\/www.gorselsanatlar.com.tr\/wp-content\/uploads\/2025\/10\/DSC2726-150x150.jpg 150w, https:\/\/www.gorselsanatlar.com.tr\/wp-content\/uploads\/2025\/10\/DSC2726-106x106.jpg 106w, https:\/\/www.gorselsanatlar.com.tr\/wp-content\/uploads\/2025\/10\/DSC2726-560x560.jpg 560w, https:\/\/www.gorselsanatlar.com.tr\/wp-content\/uploads\/2025\/10\/DSC2726-80x80.jpg 80w\" sizes=\"(max-width: 450px) 100vw, 450px\" \/><\/a>\n\t\t\t<\/div><\/figure><figure class='gallery-item'>\n\t\t\t<div class='gallery-icon landscape'>\n\t\t\t\t<a data-elementor-open-lightbox=\"yes\" data-elementor-lightbox-slideshow=\"4bd8f194\" data-elementor-lightbox-title=\"DSC_3554\" data-e-action-hash=\"#elementor-action%3Aaction%3Dlightbox%26settings%3DeyJpZCI6MTQyMDEsInVybCI6Imh0dHBzOlwvXC93d3cuZ29yc2Vsc2FuYXRsYXIuY29tLnRyXC93cC1jb250ZW50XC91cGxvYWRzXC8yMDI1XC8xMFwvRFNDXzM1NTQtc2NhbGVkLmpwZyIsInNsaWRlc2hvdyI6IjRiZDhmMTk0In0%3D\" href='https:\/\/www.gorselsanatlar.com.tr\/wp-content\/uploads\/2025\/10\/DSC_3554-scaled.jpg'><img loading=\"lazy\" decoding=\"async\" width=\"450\" height=\"450\" src=\"https:\/\/www.gorselsanatlar.com.tr\/wp-content\/uploads\/2025\/10\/DSC_3554-450x450.jpg\" class=\"attachment-echofy-team size-echofy-team\" alt=\"\" srcset=\"https:\/\/www.gorselsanatlar.com.tr\/wp-content\/uploads\/2025\/10\/DSC_3554-450x450.jpg 450w, https:\/\/www.gorselsanatlar.com.tr\/wp-content\/uploads\/2025\/10\/DSC_3554-150x150.jpg 150w, https:\/\/www.gorselsanatlar.com.tr\/wp-content\/uploads\/2025\/10\/DSC_3554-106x106.jpg 106w, https:\/\/www.gorselsanatlar.com.tr\/wp-content\/uploads\/2025\/10\/DSC_3554-560x560.jpg 560w, https:\/\/www.gorselsanatlar.com.tr\/wp-content\/uploads\/2025\/10\/DSC_3554-80x80.jpg 80w\" sizes=\"(max-width: 450px) 100vw, 450px\" \/><\/a>\n\t\t\t<\/div><\/figure>\n\t\t<\/div>\n\t\t<\/div>\n\t\t\t\t\t\t<\/div>\n\t\t\t\t\t<\/div>\n\t\t\t\t<\/div>\n\t\t<div class=\"elementor-element elementor-element-303afd98 e-flex e-con-boxed e-con e-parent\" data-id=\"303afd98\" data-element_type=\"container\">\n\t\t\t\t\t<div class=\"e-con-inner\">\n\t\t\t\t<div class=\"elementor-element elementor-element-cc3b4d elementor-widget-divider--view-line elementor-widget elementor-widget-divider\" data-id=\"cc3b4d\" data-element_type=\"widget\" data-widget_type=\"divider.default\">\n\t\t\t\t\t\t\t<div class=\"elementor-divider\">\n\t\t\t<span class=\"elementor-divider-separator\">\n\t\t\t\t\t\t<\/span>\n\t\t<\/div>\n\t\t\t\t\t\t<\/div>\n\t\t\t\t\t<\/div>\n\t\t\t\t<\/div>\n\t\t<div class=\"elementor-element elementor-element-5f72cae1 e-flex e-con-boxed e-con e-parent\" data-id=\"5f72cae1\" data-element_type=\"container\">\n\t\t\t\t\t<div class=\"e-con-inner\">\n\t\t\t\t<div class=\"elementor-element elementor-element-7549a7f elementor-widget elementor-widget-heading\" data-id=\"7549a7f\" data-element_type=\"widget\" data-widget_type=\"heading.default\">\n\t\t\t\t\t<h2 class=\"elementor-heading-title elementor-size-default\">SERT\u0130F\u0130KALARIMIZ<\/h2>\t\t\t\t<\/div>\n\t\t\t\t\t<\/div>\n\t\t\t\t<\/div>\n\t\t<div class=\"elementor-element elementor-element-217b43b e-flex e-con-boxed e-con e-parent\" data-id=\"217b43b\" data-element_type=\"container\">\n\t\t\t\t\t<div class=\"e-con-inner\">\n\t\t\t\t<div class=\"elementor-element elementor-element-5e1d7afc elementor-widget elementor-widget-text-editor\" data-id=\"5e1d7afc\" data-element_type=\"widget\" data-widget_type=\"text-editor.default\">\n\t\t\t\t\t\t\t\t\t<p>G\u00f6rsel Sanatlar Ambalaj olarak m\u00fc\u015fterilerimize \u00e7evre dostu sertifikal\u0131 ambalaj se\u00e7enekleri sunuyor ve ambalajlar\u0131n\u0131 marka de\u011ferleriyle uyumlu olacak \u015fekilde optimize etmelerine yard\u0131mc\u0131 oluyoruz.<\/p>\t\t\t\t\t\t\t\t<\/div>\n\t\t\t\t\t<\/div>\n\t\t\t\t<\/div>\n\t\t<div class=\"elementor-element elementor-element-6385ac25 e-flex e-con-boxed e-con e-parent\" data-id=\"6385ac25\" data-element_type=\"container\">\n\t\t\t\t\t<div class=\"e-con-inner\">\n\t\t\t\t<div class=\"elementor-element elementor-element-229e7cd elementor-widget elementor-widget-image\" data-id=\"229e7cd\" data-element_type=\"widget\" data-widget_type=\"image.default\">\n\t\t\t\t\t\t\t\t\t\t\t\t\t\t\t<img loading=\"lazy\" decoding=\"async\" width=\"1024\" height=\"121\" src=\"https:\/\/www.gorselsanatlar.com.tr\/wp-content\/uploads\/2025\/10\/belgelogolari-1024x121.webp\" class=\"attachment-large size-large wp-image-14145\" alt=\"\" srcset=\"https:\/\/www.gorselsanatlar.com.tr\/wp-content\/uploads\/2025\/10\/belgelogolari-1024x121.webp 1024w, https:\/\/www.gorselsanatlar.com.tr\/wp-content\/uploads\/2025\/10\/belgelogolari-300x35.webp 300w, https:\/\/www.gorselsanatlar.com.tr\/wp-content\/uploads\/2025\/10\/belgelogolari-768x91.webp 768w, https:\/\/www.gorselsanatlar.com.tr\/wp-content\/uploads\/2025\/10\/belgelogolari-1536x182.webp 1536w, https:\/\/www.gorselsanatlar.com.tr\/wp-content\/uploads\/2025\/10\/belgelogolari-18x2.webp 18w, https:\/\/www.gorselsanatlar.com.tr\/wp-content\/uploads\/2025\/10\/belgelogolari.webp 1631w\" sizes=\"(max-width: 1024px) 100vw, 1024px\" \/>\t\t\t\t\t\t\t\t\t\t\t\t\t\t\t<\/div>\n\t\t\t\t\t<\/div>\n\t\t\t\t<\/div>\n\t\t\t\t<\/div>","protected":false},"excerpt":{"rendered":"<p>Home OUR CERTIFICATES As GS Packaging customers, you always have a choice to prefer eco-friendly solutions. We offer certified packaging options and help our customers optimize their packaging requirements to align with their brand values.<\/p>","protected":false},"author":1,"featured_media":0,"parent":0,"menu_order":0,"comment_status":"closed","ping_status":"closed","template":"page-templates\/template-default.php","meta":{"footnotes":""},"class_list":["post-13287","page","type-page","status-publish","hentry"],"yoast_head":"<!-- This site is optimized with the Yoast SEO plugin v25.9 - https:\/\/yoast.com\/wordpress\/plugins\/seo\/ -->\n<title>Textile - GS Packaging<\/title>\n<meta name=\"robots\" content=\"index, follow, max-snippet:-1, max-image-preview:large, max-video-preview:-1\" \/>\n<link rel=\"canonical\" href=\"https:\/\/www.gorselsanatlar.com.tr\/tr\/textile\/\" \/>\n<meta property=\"og:locale\" content=\"tr_TR\" \/>\n<meta property=\"og:type\" content=\"article\" \/>\n<meta property=\"og:title\" content=\"Textile - GS Packaging\" \/>\n<meta property=\"og:description\" content=\"Home OUR CERTIFICATES As GS Packaging customers, you always have a choice to prefer eco-friendly solutions. We offer certified packaging options and help our customers optimize their packaging requirements to align with their brand values.\" \/>\n<meta property=\"og:url\" content=\"https:\/\/www.gorselsanatlar.com.tr\/tr\/textile\/\" \/>\n<meta property=\"og:site_name\" content=\"GS Packaging\" \/>\n<meta property=\"article:modified_time\" content=\"2025-10-16T06:00:20+00:00\" \/>\n<meta property=\"og:image\" content=\"https:\/\/www.gorselsanatlar.com.tr\/wp-content\/uploads\/2025\/09\/Tekstil-1-450x450.jpg\" \/>\n<meta name=\"twitter:card\" content=\"summary_large_image\" \/>\n<meta name=\"twitter:label1\" content=\"Tahmini okuma s\u00fcresi\" \/>\n\t<meta name=\"twitter:data1\" content=\"1 dakika\" \/>\n<script type=\"application\/ld+json\" class=\"yoast-schema-graph\">{\"@context\":\"https:\/\/schema.org\",\"@graph\":[{\"@type\":\"WebPage\",\"@id\":\"https:\/\/www.gorselsanatlar.com.tr\/textile\/\",\"url\":\"https:\/\/www.gorselsanatlar.com.tr\/textile\/\",\"name\":\"Textile - GS Packaging\",\"isPartOf\":{\"@id\":\"https:\/\/www.gorselsanatlar.com.tr\/tr\/#website\"},\"primaryImageOfPage\":{\"@id\":\"https:\/\/www.gorselsanatlar.com.tr\/textile\/#primaryimage\"},\"image\":{\"@id\":\"https:\/\/www.gorselsanatlar.com.tr\/textile\/#primaryimage\"},\"thumbnailUrl\":\"https:\/\/www.gorselsanatlar.com.tr\/wp-content\/uploads\/2025\/09\/Tekstil-1-450x450.jpg\",\"datePublished\":\"2025-09-17T10:01:25+00:00\",\"dateModified\":\"2025-10-16T06:00:20+00:00\",\"breadcrumb\":{\"@id\":\"https:\/\/www.gorselsanatlar.com.tr\/textile\/#breadcrumb\"},\"inLanguage\":\"tr\",\"potentialAction\":[{\"@type\":\"ReadAction\",\"target\":[\"https:\/\/www.gorselsanatlar.com.tr\/textile\/\"]}]},{\"@type\":\"ImageObject\",\"inLanguage\":\"tr\",\"@id\":\"https:\/\/www.gorselsanatlar.com.tr\/textile\/#primaryimage\",\"url\":\"https:\/\/www.gorselsanatlar.com.tr\/wp-content\/uploads\/2025\/09\/Tekstil-1-450x450.jpg\",\"contentUrl\":\"https:\/\/www.gorselsanatlar.com.tr\/wp-content\/uploads\/2025\/09\/Tekstil-1-450x450.jpg\"},{\"@type\":\"BreadcrumbList\",\"@id\":\"https:\/\/www.gorselsanatlar.com.tr\/textile\/#breadcrumb\",\"itemListElement\":[{\"@type\":\"ListItem\",\"position\":1,\"name\":\"Home\",\"item\":\"https:\/\/www.gorselsanatlar.com.tr\/\"},{\"@type\":\"ListItem\",\"position\":2,\"name\":\"Textile\"}]},{\"@type\":\"WebSite\",\"@id\":\"https:\/\/www.gorselsanatlar.com.tr\/tr\/#website\",\"url\":\"https:\/\/www.gorselsanatlar.com.tr\/tr\/\",\"name\":\"GS Packaging\",\"description\":\"\",\"publisher\":{\"@id\":\"https:\/\/www.gorselsanatlar.com.tr\/tr\/#organization\"},\"potentialAction\":[{\"@type\":\"SearchAction\",\"target\":{\"@type\":\"EntryPoint\",\"urlTemplate\":\"https:\/\/www.gorselsanatlar.com.tr\/tr\/?s={search_term_string}\"},\"query-input\":{\"@type\":\"PropertyValueSpecification\",\"valueRequired\":true,\"valueName\":\"search_term_string\"}}],\"inLanguage\":\"tr\"},{\"@type\":\"Organization\",\"@id\":\"https:\/\/www.gorselsanatlar.com.tr\/tr\/#organization\",\"name\":\"GS Packaging\",\"url\":\"https:\/\/www.gorselsanatlar.com.tr\/tr\/\",\"logo\":{\"@type\":\"ImageObject\",\"inLanguage\":\"tr\",\"@id\":\"https:\/\/www.gorselsanatlar.com.tr\/tr\/#\/schema\/logo\/image\/\",\"url\":\"https:\/\/www.gorselsanatlar.com.tr\/wp-content\/uploads\/2025\/09\/GSP-logo.webp\",\"contentUrl\":\"https:\/\/www.gorselsanatlar.com.tr\/wp-content\/uploads\/2025\/09\/GSP-logo.webp\",\"width\":689,\"height\":169,\"caption\":\"GS Packaging\"},\"image\":{\"@id\":\"https:\/\/www.gorselsanatlar.com.tr\/tr\/#\/schema\/logo\/image\/\"}}]}<\/script>\n<!-- \/ Yoast SEO plugin. -->","yoast_head_json":{"title":"Textile - GS Packaging","robots":{"index":"index","follow":"follow","max-snippet":"max-snippet:-1","max-image-preview":"max-image-preview:large","max-video-preview":"max-video-preview:-1"},"canonical":"https:\/\/www.gorselsanatlar.com.tr\/tr\/textile\/","og_locale":"tr_TR","og_type":"article","og_title":"Textile - GS Packaging","og_description":"Home OUR CERTIFICATES As GS Packaging customers, you always have a choice to prefer eco-friendly solutions. We offer certified packaging options and help our customers optimize their packaging requirements to align with their brand values.","og_url":"https:\/\/www.gorselsanatlar.com.tr\/tr\/textile\/","og_site_name":"GS Packaging","article_modified_time":"2025-10-16T06:00:20+00:00","og_image":[{"url":"https:\/\/www.gorselsanatlar.com.tr\/wp-content\/uploads\/2025\/09\/Tekstil-1-450x450.jpg","type":"","width":"","height":""}],"twitter_card":"summary_large_image","twitter_misc":{"Tahmini okuma s\u00fcresi":"1 dakika"},"schema":{"@context":"https:\/\/schema.org","@graph":[{"@type":"WebPage","@id":"https:\/\/www.gorselsanatlar.com.tr\/textile\/","url":"https:\/\/www.gorselsanatlar.com.tr\/textile\/","name":"Textile - GS Packaging","isPartOf":{"@id":"https:\/\/www.gorselsanatlar.com.tr\/tr\/#website"},"primaryImageOfPage":{"@id":"https:\/\/www.gorselsanatlar.com.tr\/textile\/#primaryimage"},"image":{"@id":"https:\/\/www.gorselsanatlar.com.tr\/textile\/#primaryimage"},"thumbnailUrl":"https:\/\/www.gorselsanatlar.com.tr\/wp-content\/uploads\/2025\/09\/Tekstil-1-450x450.jpg","datePublished":"2025-09-17T10:01:25+00:00","dateModified":"2025-10-16T06:00:20+00:00","breadcrumb":{"@id":"https:\/\/www.gorselsanatlar.com.tr\/textile\/#breadcrumb"},"inLanguage":"tr","potentialAction":[{"@type":"ReadAction","target":["https:\/\/www.gorselsanatlar.com.tr\/textile\/"]}]},{"@type":"ImageObject","inLanguage":"tr","@id":"https:\/\/www.gorselsanatlar.com.tr\/textile\/#primaryimage","url":"https:\/\/www.gorselsanatlar.com.tr\/wp-content\/uploads\/2025\/09\/Tekstil-1-450x450.jpg","contentUrl":"https:\/\/www.gorselsanatlar.com.tr\/wp-content\/uploads\/2025\/09\/Tekstil-1-450x450.jpg"},{"@type":"BreadcrumbList","@id":"https:\/\/www.gorselsanatlar.com.tr\/textile\/#breadcrumb","itemListElement":[{"@type":"ListItem","position":1,"name":"Home","item":"https:\/\/www.gorselsanatlar.com.tr\/"},{"@type":"ListItem","position":2,"name":"Textile"}]},{"@type":"WebSite","@id":"https:\/\/www.gorselsanatlar.com.tr\/tr\/#website","url":"https:\/\/www.gorselsanatlar.com.tr\/tr\/","name":"GS Packaging","description":"","publisher":{"@id":"https:\/\/www.gorselsanatlar.com.tr\/tr\/#organization"},"potentialAction":[{"@type":"SearchAction","target":{"@type":"EntryPoint","urlTemplate":"https:\/\/www.gorselsanatlar.com.tr\/tr\/?s={search_term_string}"},"query-input":{"@type":"PropertyValueSpecification","valueRequired":true,"valueName":"search_term_string"}}],"inLanguage":"tr"},{"@type":"Organization","@id":"https:\/\/www.gorselsanatlar.com.tr\/tr\/#organization","name":"GS Packaging","url":"https:\/\/www.gorselsanatlar.com.tr\/tr\/","logo":{"@type":"ImageObject","inLanguage":"tr","@id":"https:\/\/www.gorselsanatlar.com.tr\/tr\/#\/schema\/logo\/image\/","url":"https:\/\/www.gorselsanatlar.com.tr\/wp-content\/uploads\/2025\/09\/GSP-logo.webp","contentUrl":"https:\/\/www.gorselsanatlar.com.tr\/wp-content\/uploads\/2025\/09\/GSP-logo.webp","width":689,"height":169,"caption":"GS Packaging"},"image":{"@id":"https:\/\/www.gorselsanatlar.com.tr\/tr\/#\/schema\/logo\/image\/"}}]}},"_links":{"self":[{"href":"https:\/\/www.gorselsanatlar.com.tr\/tr\/wp-json\/wp\/v2\/pages\/13287","targetHints":{"allow":["GET"]}}],"collection":[{"href":"https:\/\/www.gorselsanatlar.com.tr\/tr\/wp-json\/wp\/v2\/pages"}],"about":[{"href":"https:\/\/www.gorselsanatlar.com.tr\/tr\/wp-json\/wp\/v2\/types\/page"}],"author":[{"embeddable":true,"href":"https:\/\/www.gorselsanatlar.com.tr\/tr\/wp-json\/wp\/v2\/users\/1"}],"replies":[{"embeddable":true,"href":"https:\/\/www.gorselsanatlar.com.tr\/tr\/wp-json\/wp\/v2\/comments?post=13287"}],"version-history":[{"count":16,"href":"https:\/\/www.gorselsanatlar.com.tr\/tr\/wp-json\/wp\/v2\/pages\/13287\/revisions"}],"predecessor-version":[{"id":14204,"href":"https:\/\/www.gorselsanatlar.com.tr\/tr\/wp-json\/wp\/v2\/pages\/13287\/revisions\/14204"}],"wp:attachment":[{"href":"https:\/\/www.gorselsanatlar.com.tr\/tr\/wp-json\/wp\/v2\/media?parent=13287"}],"curies":[{"name":"wp","href":"https:\/\/api.w.org\/{rel}","templated":true}]}}