{"id":13297,"date":"2025-09-17T06:57:31","date_gmt":"2025-09-17T10:57:31","guid":{"rendered":"https:\/\/www.gorselsanatlar.com.tr\/?page_id=13297"},"modified":"2025-10-13T06:38:19","modified_gmt":"2025-10-13T10:38:19","slug":"healthcare-medical","status":"publish","type":"page","link":"https:\/\/www.gorselsanatlar.com.tr\/tr\/healthcare-medical\/","title":{"rendered":"Sa\u011fl\u0131k ve Medikal"},"content":{"rendered":"<div data-elementor-type=\"wp-page\" data-elementor-id=\"13297\" class=\"elementor elementor-13297\" data-elementor-post-type=\"page\">\n\t\t\t\t\t\t<section class=\"elementor-section elementor-top-section elementor-element elementor-element-73c1fd34 elementor-section-full_width elementor-section-height-default elementor-section-height-default\" data-id=\"73c1fd34\" data-element_type=\"section\">\n\t\t\t\t\t\t<div class=\"elementor-container elementor-column-gap-no\">\n\t\t\t\t\t<div class=\"elementor-column elementor-col-100 elementor-top-column elementor-element elementor-element-10b3fcbf\" data-id=\"10b3fcbf\" data-element_type=\"column\">\n\t\t\t<div class=\"elementor-widget-wrap\">\n\t\t\t\t\t\t\t<\/div>\n\t\t<\/div>\n\t\t\t\t\t<\/div>\n\t\t<\/section>\n\t\t<div class=\"elementor-element elementor-element-e4423c9 e-flex e-con-boxed e-con e-parent\" data-id=\"e4423c9\" data-element_type=\"container\">\n\t\t\t\t\t<div class=\"e-con-inner\">\n\t\t\t\t<div class=\"elementor-element elementor-element-fd1a39b elementor-widget elementor-widget-hfe-breadcrumbs-widget\" data-id=\"fd1a39b\" data-element_type=\"widget\" data-widget_type=\"hfe-breadcrumbs-widget.default\">\n\t\t\t\t<div class=\"elementor-widget-container\">\n\t\t\t\t\t<nav aria-label=\"Breadcrumb\"><ul class=\"hfe-breadcrumbs hfe-breadcrumbs-show-home\"><li class=\"hfe-breadcrumbs-item hfe-breadcrumbs-first\"><span class=\"hfe-breadcrumbs-home-icon\"><svg aria-hidden=\"true\" class=\"e-font-icon-svg e-fas-home\" viewbox=\"0 0 576 512\" xmlns=\"http:\/\/www.w3.org\/2000\/svg\"><path d=\"M280.37 148.26L96 300.11V464a16 16 0 0 0 16 16l112.06-.29a16 16 0 0 0 15.92-16V368a16 16 0 0 1 16-16h64a16 16 0 0 1 16 16v95.64a16 16 0 0 0 16 16.05L464 480a16 16 0 0 0 16-16V300L295.67 148.26a12.19 12.19 0 0 0-15.3 0zM571.6 251.47L488 182.56V44.05a12 12 0 0 0-12-12h-56a12 12 0 0 0-12 12v72.61L318.47 43a48 48 0 0 0-61 0L4.34 251.47a12 12 0 0 0-1.6 16.9l25.5 31A12 12 0 0 0 45.15 301l235.22-193.74a12.19 12.19 0 0 1 15.3 0L530.9 301a12 12 0 0 0 16.9-1.6l25.5-31a12 12 0 0 0-1.7-16.93z\"><\/path><\/svg><\/span><a href=\"https:\/\/www.gorselsanatlar.com.tr\/tr\"><span class=\"hfe-breadcrumbs-text\">Anasayfa<\/span><\/a><\/li><\/ul><\/nav>\t\t\t\t<\/div>\n\t\t\t\t<\/div>\n\t\t\t\t\t<\/div>\n\t\t\t\t<\/div>\n\t\t<div class=\"elementor-element elementor-element-8da5ef1 e-flex e-con-boxed e-con e-parent\" data-id=\"8da5ef1\" data-element_type=\"container\">\n\t\t\t\t\t<div class=\"e-con-inner\">\n\t\t\t\t<div class=\"elementor-element elementor-element-70479359 elementor-widget elementor-widget-image-gallery\" data-id=\"70479359\" data-element_type=\"widget\" data-widget_type=\"image-gallery.default\">\n\t\t\t\t\t\t\t<div class=\"elementor-image-gallery\">\n\t\t\t<div id='gallery-1' class='gallery galleryid-13297 gallery-columns-3 gallery-size-echofy-team'><figure class='gallery-item'>\n\t\t\t<div class='gallery-icon landscape'>\n\t\t\t\t<a data-elementor-open-lightbox=\"yes\" data-elementor-lightbox-slideshow=\"70479359\" data-elementor-lightbox-title=\"ALT_0030\" data-e-action-hash=\"#elementor-action%3Aaction%3Dlightbox%26settings%3DeyJpZCI6MTMzMDAsInVybCI6Imh0dHBzOlwvXC93d3cuZ29yc2Vsc2FuYXRsYXIuY29tLnRyXC93cC1jb250ZW50XC91cGxvYWRzXC8yMDI1XC8wOVwvQUxUXzAwMzAuanBnIiwic2xpZGVzaG93IjoiNzA0NzkzNTkifQ%3D%3D\" href='https:\/\/www.gorselsanatlar.com.tr\/wp-content\/uploads\/2025\/09\/ALT_0030.jpg'><img fetchpriority=\"high\" decoding=\"async\" width=\"450\" height=\"450\" src=\"https:\/\/www.gorselsanatlar.com.tr\/wp-content\/uploads\/2025\/09\/ALT_0030-450x450.jpg\" class=\"attachment-echofy-team size-echofy-team\" alt=\"\" srcset=\"https:\/\/www.gorselsanatlar.com.tr\/wp-content\/uploads\/2025\/09\/ALT_0030-450x450.jpg 450w, https:\/\/www.gorselsanatlar.com.tr\/wp-content\/uploads\/2025\/09\/ALT_0030-300x300.jpg 300w, https:\/\/www.gorselsanatlar.com.tr\/wp-content\/uploads\/2025\/09\/ALT_0030-150x150.jpg 150w, https:\/\/www.gorselsanatlar.com.tr\/wp-content\/uploads\/2025\/09\/ALT_0030-106x106.jpg 106w, https:\/\/www.gorselsanatlar.com.tr\/wp-content\/uploads\/2025\/09\/ALT_0030-560x560.jpg 560w, https:\/\/www.gorselsanatlar.com.tr\/wp-content\/uploads\/2025\/09\/ALT_0030-80x80.jpg 80w, https:\/\/www.gorselsanatlar.com.tr\/wp-content\/uploads\/2025\/09\/ALT_0030.jpg 600w\" sizes=\"(max-width: 450px) 100vw, 450px\" \/><\/a>\n\t\t\t<\/div><\/figure><figure class='gallery-item'>\n\t\t\t<div class='gallery-icon landscape'>\n\t\t\t\t<a data-elementor-open-lightbox=\"yes\" data-elementor-lightbox-slideshow=\"70479359\" data-elementor-lightbox-title=\"ALT_0107\" data-e-action-hash=\"#elementor-action%3Aaction%3Dlightbox%26settings%3DeyJpZCI6MTMzMDEsInVybCI6Imh0dHBzOlwvXC93d3cuZ29yc2Vsc2FuYXRsYXIuY29tLnRyXC93cC1jb250ZW50XC91cGxvYWRzXC8yMDI1XC8wOVwvQUxUXzAxMDcuanBnIiwic2xpZGVzaG93IjoiNzA0NzkzNTkifQ%3D%3D\" href='https:\/\/www.gorselsanatlar.com.tr\/wp-content\/uploads\/2025\/09\/ALT_0107.jpg'><img decoding=\"async\" width=\"450\" height=\"450\" src=\"https:\/\/www.gorselsanatlar.com.tr\/wp-content\/uploads\/2025\/09\/ALT_0107-450x450.jpg\" class=\"attachment-echofy-team size-echofy-team\" alt=\"\" srcset=\"https:\/\/www.gorselsanatlar.com.tr\/wp-content\/uploads\/2025\/09\/ALT_0107-450x450.jpg 450w, https:\/\/www.gorselsanatlar.com.tr\/wp-content\/uploads\/2025\/09\/ALT_0107-300x300.jpg 300w, https:\/\/www.gorselsanatlar.com.tr\/wp-content\/uploads\/2025\/09\/ALT_0107-150x150.jpg 150w, https:\/\/www.gorselsanatlar.com.tr\/wp-content\/uploads\/2025\/09\/ALT_0107-106x106.jpg 106w, https:\/\/www.gorselsanatlar.com.tr\/wp-content\/uploads\/2025\/09\/ALT_0107-560x560.jpg 560w, https:\/\/www.gorselsanatlar.com.tr\/wp-content\/uploads\/2025\/09\/ALT_0107-80x80.jpg 80w, https:\/\/www.gorselsanatlar.com.tr\/wp-content\/uploads\/2025\/09\/ALT_0107.jpg 600w\" sizes=\"(max-width: 450px) 100vw, 450px\" \/><\/a>\n\t\t\t<\/div><\/figure><figure class='gallery-item'>\n\t\t\t<div class='gallery-icon landscape'>\n\t\t\t\t<a data-elementor-open-lightbox=\"yes\" data-elementor-lightbox-slideshow=\"70479359\" data-elementor-lightbox-title=\"ALT_9804\" data-e-action-hash=\"#elementor-action%3Aaction%3Dlightbox%26settings%3DeyJpZCI6MTMzMDIsInVybCI6Imh0dHBzOlwvXC93d3cuZ29yc2Vsc2FuYXRsYXIuY29tLnRyXC93cC1jb250ZW50XC91cGxvYWRzXC8yMDI1XC8wOVwvQUxUXzk4MDQuanBnIiwic2xpZGVzaG93IjoiNzA0NzkzNTkifQ%3D%3D\" href='https:\/\/www.gorselsanatlar.com.tr\/wp-content\/uploads\/2025\/09\/ALT_9804.jpg'><img decoding=\"async\" width=\"450\" height=\"450\" src=\"https:\/\/www.gorselsanatlar.com.tr\/wp-content\/uploads\/2025\/09\/ALT_9804-450x450.jpg\" class=\"attachment-echofy-team size-echofy-team\" alt=\"\" srcset=\"https:\/\/www.gorselsanatlar.com.tr\/wp-content\/uploads\/2025\/09\/ALT_9804-450x450.jpg 450w, https:\/\/www.gorselsanatlar.com.tr\/wp-content\/uploads\/2025\/09\/ALT_9804-300x300.jpg 300w, https:\/\/www.gorselsanatlar.com.tr\/wp-content\/uploads\/2025\/09\/ALT_9804-150x150.jpg 150w, https:\/\/www.gorselsanatlar.com.tr\/wp-content\/uploads\/2025\/09\/ALT_9804-106x106.jpg 106w, https:\/\/www.gorselsanatlar.com.tr\/wp-content\/uploads\/2025\/09\/ALT_9804-560x560.jpg 560w, https:\/\/www.gorselsanatlar.com.tr\/wp-content\/uploads\/2025\/09\/ALT_9804-80x80.jpg 80w, https:\/\/www.gorselsanatlar.com.tr\/wp-content\/uploads\/2025\/09\/ALT_9804.jpg 600w\" sizes=\"(max-width: 450px) 100vw, 450px\" \/><\/a>\n\t\t\t<\/div><\/figure><figure class='gallery-item'>\n\t\t\t<div class='gallery-icon landscape'>\n\t\t\t\t<a data-elementor-open-lightbox=\"yes\" data-elementor-lightbox-slideshow=\"70479359\" data-elementor-lightbox-title=\"DSC_8094_GS\" data-e-action-hash=\"#elementor-action%3Aaction%3Dlightbox%26settings%3DeyJpZCI6MTMzMDMsInVybCI6Imh0dHBzOlwvXC93d3cuZ29yc2Vsc2FuYXRsYXIuY29tLnRyXC93cC1jb250ZW50XC91cGxvYWRzXC8yMDI1XC8wOVwvRFNDXzgwOTRfR1MuanBnIiwic2xpZGVzaG93IjoiNzA0NzkzNTkifQ%3D%3D\" href='https:\/\/www.gorselsanatlar.com.tr\/wp-content\/uploads\/2025\/09\/DSC_8094_GS.jpg'><img loading=\"lazy\" decoding=\"async\" width=\"450\" height=\"450\" src=\"https:\/\/www.gorselsanatlar.com.tr\/wp-content\/uploads\/2025\/09\/DSC_8094_GS-450x450.jpg\" class=\"attachment-echofy-team size-echofy-team\" alt=\"\" srcset=\"https:\/\/www.gorselsanatlar.com.tr\/wp-content\/uploads\/2025\/09\/DSC_8094_GS-450x450.jpg 450w, https:\/\/www.gorselsanatlar.com.tr\/wp-content\/uploads\/2025\/09\/DSC_8094_GS-300x300.jpg 300w, https:\/\/www.gorselsanatlar.com.tr\/wp-content\/uploads\/2025\/09\/DSC_8094_GS-150x150.jpg 150w, https:\/\/www.gorselsanatlar.com.tr\/wp-content\/uploads\/2025\/09\/DSC_8094_GS-106x106.jpg 106w, https:\/\/www.gorselsanatlar.com.tr\/wp-content\/uploads\/2025\/09\/DSC_8094_GS-560x560.jpg 560w, https:\/\/www.gorselsanatlar.com.tr\/wp-content\/uploads\/2025\/09\/DSC_8094_GS-80x80.jpg 80w, https:\/\/www.gorselsanatlar.com.tr\/wp-content\/uploads\/2025\/09\/DSC_8094_GS.jpg 600w\" sizes=\"(max-width: 450px) 100vw, 450px\" \/><\/a>\n\t\t\t<\/div><\/figure><figure class='gallery-item'>\n\t\t\t<div class='gallery-icon landscape'>\n\t\t\t\t<a data-elementor-open-lightbox=\"yes\" data-elementor-lightbox-slideshow=\"70479359\" data-elementor-lightbox-title=\"IMG_2334_ActoPharma_Actolind_50ml\" data-e-action-hash=\"#elementor-action%3Aaction%3Dlightbox%26settings%3DeyJpZCI6MTMzMDQsInVybCI6Imh0dHBzOlwvXC93d3cuZ29yc2Vsc2FuYXRsYXIuY29tLnRyXC93cC1jb250ZW50XC91cGxvYWRzXC8yMDI1XC8wOVwvSU1HXzIzMzRfQWN0b1BoYXJtYV9BY3RvbGluZF81MG1sLmpwZyIsInNsaWRlc2hvdyI6IjcwNDc5MzU5In0%3D\" href='https:\/\/www.gorselsanatlar.com.tr\/wp-content\/uploads\/2025\/09\/IMG_2334_ActoPharma_Actolind_50ml.jpg'><img loading=\"lazy\" decoding=\"async\" width=\"450\" height=\"450\" src=\"https:\/\/www.gorselsanatlar.com.tr\/wp-content\/uploads\/2025\/09\/IMG_2334_ActoPharma_Actolind_50ml-450x450.jpg\" class=\"attachment-echofy-team size-echofy-team\" alt=\"\" srcset=\"https:\/\/www.gorselsanatlar.com.tr\/wp-content\/uploads\/2025\/09\/IMG_2334_ActoPharma_Actolind_50ml-450x450.jpg 450w, https:\/\/www.gorselsanatlar.com.tr\/wp-content\/uploads\/2025\/09\/IMG_2334_ActoPharma_Actolind_50ml-300x300.jpg 300w, https:\/\/www.gorselsanatlar.com.tr\/wp-content\/uploads\/2025\/09\/IMG_2334_ActoPharma_Actolind_50ml-150x150.jpg 150w, https:\/\/www.gorselsanatlar.com.tr\/wp-content\/uploads\/2025\/09\/IMG_2334_ActoPharma_Actolind_50ml-106x106.jpg 106w, https:\/\/www.gorselsanatlar.com.tr\/wp-content\/uploads\/2025\/09\/IMG_2334_ActoPharma_Actolind_50ml-80x80.jpg 80w, https:\/\/www.gorselsanatlar.com.tr\/wp-content\/uploads\/2025\/09\/IMG_2334_ActoPharma_Actolind_50ml.jpg 500w\" sizes=\"(max-width: 450px) 100vw, 450px\" \/><\/a>\n\t\t\t<\/div><\/figure><figure class='gallery-item'>\n\t\t\t<div class='gallery-icon landscape'>\n\t\t\t\t<a data-elementor-open-lightbox=\"yes\" data-elementor-lightbox-slideshow=\"70479359\" data-elementor-lightbox-title=\"_DSC5881_GS-2\" data-e-action-hash=\"#elementor-action%3Aaction%3Dlightbox%26settings%3DeyJpZCI6MTMzMTAsInVybCI6Imh0dHBzOlwvXC93d3cuZ29yc2Vsc2FuYXRsYXIuY29tLnRyXC93cC1jb250ZW50XC91cGxvYWRzXC8yMDI1XC8wOVwvRFNDNTg4MV9HUy0yLXNjYWxlZC5qcGciLCJzbGlkZXNob3ciOiI3MDQ3OTM1OSJ9\" href='https:\/\/www.gorselsanatlar.com.tr\/wp-content\/uploads\/2025\/09\/DSC5881_GS-2-scaled.jpg'><img loading=\"lazy\" decoding=\"async\" width=\"450\" height=\"450\" src=\"https:\/\/www.gorselsanatlar.com.tr\/wp-content\/uploads\/2025\/09\/DSC5881_GS-2-450x450.jpg\" class=\"attachment-echofy-team size-echofy-team\" alt=\"\" srcset=\"https:\/\/www.gorselsanatlar.com.tr\/wp-content\/uploads\/2025\/09\/DSC5881_GS-2-450x450.jpg 450w, https:\/\/www.gorselsanatlar.com.tr\/wp-content\/uploads\/2025\/09\/DSC5881_GS-2-150x150.jpg 150w, https:\/\/www.gorselsanatlar.com.tr\/wp-content\/uploads\/2025\/09\/DSC5881_GS-2-106x106.jpg 106w, https:\/\/www.gorselsanatlar.com.tr\/wp-content\/uploads\/2025\/09\/DSC5881_GS-2-560x560.jpg 560w, https:\/\/www.gorselsanatlar.com.tr\/wp-content\/uploads\/2025\/09\/DSC5881_GS-2-80x80.jpg 80w\" sizes=\"(max-width: 450px) 100vw, 450px\" \/><\/a>\n\t\t\t<\/div><\/figure>\n\t\t<\/div>\n\t\t<\/div>\n\t\t\t\t\t\t<\/div>\n\t\t\t\t\t<\/div>\n\t\t\t\t<\/div>\n\t\t<div class=\"elementor-element elementor-element-bf424ff e-flex e-con-boxed e-con e-parent\" data-id=\"bf424ff\" data-element_type=\"container\">\n\t\t\t\t\t<div class=\"e-con-inner\">\n\t\t\t\t<div class=\"elementor-element elementor-element-595c4000 elementor-widget-divider--view-line elementor-widget elementor-widget-divider\" data-id=\"595c4000\" data-element_type=\"widget\" data-widget_type=\"divider.default\">\n\t\t\t\t\t\t\t<div class=\"elementor-divider\">\n\t\t\t<span class=\"elementor-divider-separator\">\n\t\t\t\t\t\t<\/span>\n\t\t<\/div>\n\t\t\t\t\t\t<\/div>\n\t\t\t\t\t<\/div>\n\t\t\t\t<\/div>\n\t\t<div class=\"elementor-element elementor-element-a1b76fb e-flex e-con-boxed e-con e-parent\" data-id=\"a1b76fb\" data-element_type=\"container\">\n\t\t\t\t\t<div class=\"e-con-inner\">\n\t\t\t\t<div class=\"elementor-element elementor-element-329a1fee elementor-widget elementor-widget-heading\" data-id=\"329a1fee\" data-element_type=\"widget\" data-widget_type=\"heading.default\">\n\t\t\t\t\t<h2 class=\"elementor-heading-title elementor-size-default\">SERT\u0130F\u0130KALARIMIZ<\/h2>\t\t\t\t<\/div>\n\t\t\t\t\t<\/div>\n\t\t\t\t<\/div>\n\t\t<div class=\"elementor-element elementor-element-4e39165 e-flex e-con-boxed e-con e-parent\" data-id=\"4e39165\" data-element_type=\"container\">\n\t\t\t\t\t<div class=\"e-con-inner\">\n\t\t\t\t<div class=\"elementor-element elementor-element-41177c52 elementor-widget elementor-widget-text-editor\" data-id=\"41177c52\" data-element_type=\"widget\" data-widget_type=\"text-editor.default\">\n\t\t\t\t\t\t\t\t\t<p>G\u00f6rsel Sanatlar Ambalaj olarak m\u00fc\u015fterilerimize \u00e7evre dostu sertifikal\u0131 ambalaj se\u00e7enekleri sunuyor ve ambalajlar\u0131n\u0131 marka de\u011ferleriyle uyumlu olacak \u015fekilde optimize etmelerine yard\u0131mc\u0131 oluyoruz.<\/p>\t\t\t\t\t\t\t\t<\/div>\n\t\t\t\t\t<\/div>\n\t\t\t\t<\/div>\n\t\t<div class=\"elementor-element elementor-element-36c9ea0b e-flex e-con-boxed e-con e-parent\" data-id=\"36c9ea0b\" data-element_type=\"container\">\n\t\t\t\t\t<div class=\"e-con-inner\">\n\t\t\t\t<div class=\"elementor-element elementor-element-3d7f44d6 elementor-widget elementor-widget-image\" data-id=\"3d7f44d6\" data-element_type=\"widget\" data-widget_type=\"image.default\">\n\t\t\t\t\t\t\t\t\t\t\t\t\t\t\t<img loading=\"lazy\" decoding=\"async\" width=\"1024\" height=\"121\" src=\"https:\/\/www.gorselsanatlar.com.tr\/wp-content\/uploads\/2025\/10\/belgelogolari-1024x121.webp\" class=\"attachment-large size-large wp-image-14145\" alt=\"\" srcset=\"https:\/\/www.gorselsanatlar.com.tr\/wp-content\/uploads\/2025\/10\/belgelogolari-1024x121.webp 1024w, https:\/\/www.gorselsanatlar.com.tr\/wp-content\/uploads\/2025\/10\/belgelogolari-300x35.webp 300w, https:\/\/www.gorselsanatlar.com.tr\/wp-content\/uploads\/2025\/10\/belgelogolari-768x91.webp 768w, https:\/\/www.gorselsanatlar.com.tr\/wp-content\/uploads\/2025\/10\/belgelogolari-1536x182.webp 1536w, https:\/\/www.gorselsanatlar.com.tr\/wp-content\/uploads\/2025\/10\/belgelogolari-18x2.webp 18w, https:\/\/www.gorselsanatlar.com.tr\/wp-content\/uploads\/2025\/10\/belgelogolari.webp 1631w\" sizes=\"(max-width: 1024px) 100vw, 1024px\" \/>\t\t\t\t\t\t\t\t\t\t\t\t\t\t\t<\/div>\n\t\t\t\t\t<\/div>\n\t\t\t\t<\/div>\n\t\t\t\t<\/div>","protected":false},"excerpt":{"rendered":"<p>Home OUR CERTIFICATES As GS Packaging customers, you always have a choice to prefer eco-friendly solutions. We offer certified packaging options and help our customers optimize their packaging requirements to align with their brand values.<\/p>","protected":false},"author":1,"featured_media":0,"parent":0,"menu_order":0,"comment_status":"closed","ping_status":"closed","template":"page-templates\/template-default.php","meta":{"footnotes":""},"class_list":["post-13297","page","type-page","status-publish","hentry"],"yoast_head":"<!-- This site is optimized with the Yoast SEO plugin v25.9 - https:\/\/yoast.com\/wordpress\/plugins\/seo\/ -->\n<title>Healthcare &amp; Medical - GS Packaging<\/title>\n<meta name=\"robots\" content=\"index, follow, max-snippet:-1, max-image-preview:large, max-video-preview:-1\" \/>\n<link rel=\"canonical\" href=\"https:\/\/www.gorselsanatlar.com.tr\/tr\/healthcare-medical\/\" \/>\n<meta property=\"og:locale\" content=\"tr_TR\" \/>\n<meta property=\"og:type\" content=\"article\" \/>\n<meta property=\"og:title\" content=\"Healthcare &amp; Medical - GS Packaging\" \/>\n<meta property=\"og:description\" content=\"Home OUR CERTIFICATES As GS Packaging customers, you always have a choice to prefer eco-friendly solutions. We offer certified packaging options and help our customers optimize their packaging requirements to align with their brand values.\" \/>\n<meta property=\"og:url\" content=\"https:\/\/www.gorselsanatlar.com.tr\/tr\/healthcare-medical\/\" \/>\n<meta property=\"og:site_name\" content=\"GS Packaging\" \/>\n<meta property=\"article:modified_time\" content=\"2025-10-13T10:38:19+00:00\" \/>\n<meta property=\"og:image\" content=\"https:\/\/www.gorselsanatlar.com.tr\/wp-content\/uploads\/2025\/09\/ALT_0030-450x450.jpg\" \/>\n<meta name=\"twitter:card\" content=\"summary_large_image\" \/>\n<meta name=\"twitter:label1\" content=\"Tahmini okuma s\u00fcresi\" \/>\n\t<meta name=\"twitter:data1\" content=\"1 dakika\" \/>\n<script type=\"application\/ld+json\" class=\"yoast-schema-graph\">{\"@context\":\"https:\/\/schema.org\",\"@graph\":[{\"@type\":\"WebPage\",\"@id\":\"https:\/\/www.gorselsanatlar.com.tr\/healthcare-medical\/\",\"url\":\"https:\/\/www.gorselsanatlar.com.tr\/healthcare-medical\/\",\"name\":\"Healthcare &amp; Medical - GS Packaging\",\"isPartOf\":{\"@id\":\"https:\/\/www.gorselsanatlar.com.tr\/tr\/#website\"},\"primaryImageOfPage\":{\"@id\":\"https:\/\/www.gorselsanatlar.com.tr\/healthcare-medical\/#primaryimage\"},\"image\":{\"@id\":\"https:\/\/www.gorselsanatlar.com.tr\/healthcare-medical\/#primaryimage\"},\"thumbnailUrl\":\"https:\/\/www.gorselsanatlar.com.tr\/wp-content\/uploads\/2025\/09\/ALT_0030-450x450.jpg\",\"datePublished\":\"2025-09-17T10:57:31+00:00\",\"dateModified\":\"2025-10-13T10:38:19+00:00\",\"breadcrumb\":{\"@id\":\"https:\/\/www.gorselsanatlar.com.tr\/healthcare-medical\/#breadcrumb\"},\"inLanguage\":\"tr\",\"potentialAction\":[{\"@type\":\"ReadAction\",\"target\":[\"https:\/\/www.gorselsanatlar.com.tr\/healthcare-medical\/\"]}]},{\"@type\":\"ImageObject\",\"inLanguage\":\"tr\",\"@id\":\"https:\/\/www.gorselsanatlar.com.tr\/healthcare-medical\/#primaryimage\",\"url\":\"https:\/\/www.gorselsanatlar.com.tr\/wp-content\/uploads\/2025\/09\/ALT_0030-450x450.jpg\",\"contentUrl\":\"https:\/\/www.gorselsanatlar.com.tr\/wp-content\/uploads\/2025\/09\/ALT_0030-450x450.jpg\"},{\"@type\":\"BreadcrumbList\",\"@id\":\"https:\/\/www.gorselsanatlar.com.tr\/healthcare-medical\/#breadcrumb\",\"itemListElement\":[{\"@type\":\"ListItem\",\"position\":1,\"name\":\"Home\",\"item\":\"https:\/\/www.gorselsanatlar.com.tr\/\"},{\"@type\":\"ListItem\",\"position\":2,\"name\":\"Healthcare &amp; Medical\"}]},{\"@type\":\"WebSite\",\"@id\":\"https:\/\/www.gorselsanatlar.com.tr\/tr\/#website\",\"url\":\"https:\/\/www.gorselsanatlar.com.tr\/tr\/\",\"name\":\"GS Packaging\",\"description\":\"\",\"publisher\":{\"@id\":\"https:\/\/www.gorselsanatlar.com.tr\/tr\/#organization\"},\"potentialAction\":[{\"@type\":\"SearchAction\",\"target\":{\"@type\":\"EntryPoint\",\"urlTemplate\":\"https:\/\/www.gorselsanatlar.com.tr\/tr\/?s={search_term_string}\"},\"query-input\":{\"@type\":\"PropertyValueSpecification\",\"valueRequired\":true,\"valueName\":\"search_term_string\"}}],\"inLanguage\":\"tr\"},{\"@type\":\"Organization\",\"@id\":\"https:\/\/www.gorselsanatlar.com.tr\/tr\/#organization\",\"name\":\"GS Packaging\",\"url\":\"https:\/\/www.gorselsanatlar.com.tr\/tr\/\",\"logo\":{\"@type\":\"ImageObject\",\"inLanguage\":\"tr\",\"@id\":\"https:\/\/www.gorselsanatlar.com.tr\/tr\/#\/schema\/logo\/image\/\",\"url\":\"https:\/\/www.gorselsanatlar.com.tr\/wp-content\/uploads\/2025\/09\/GSP-logo.webp\",\"contentUrl\":\"https:\/\/www.gorselsanatlar.com.tr\/wp-content\/uploads\/2025\/09\/GSP-logo.webp\",\"width\":689,\"height\":169,\"caption\":\"GS Packaging\"},\"image\":{\"@id\":\"https:\/\/www.gorselsanatlar.com.tr\/tr\/#\/schema\/logo\/image\/\"}}]}<\/script>\n<!-- \/ Yoast SEO plugin. -->","yoast_head_json":{"title":"Healthcare &amp; Medical - GS Packaging","robots":{"index":"index","follow":"follow","max-snippet":"max-snippet:-1","max-image-preview":"max-image-preview:large","max-video-preview":"max-video-preview:-1"},"canonical":"https:\/\/www.gorselsanatlar.com.tr\/tr\/healthcare-medical\/","og_locale":"tr_TR","og_type":"article","og_title":"Healthcare &amp; Medical - GS Packaging","og_description":"Home OUR CERTIFICATES As GS Packaging customers, you always have a choice to prefer eco-friendly solutions. We offer certified packaging options and help our customers optimize their packaging requirements to align with their brand values.","og_url":"https:\/\/www.gorselsanatlar.com.tr\/tr\/healthcare-medical\/","og_site_name":"GS Packaging","article_modified_time":"2025-10-13T10:38:19+00:00","og_image":[{"url":"https:\/\/www.gorselsanatlar.com.tr\/wp-content\/uploads\/2025\/09\/ALT_0030-450x450.jpg","type":"","width":"","height":""}],"twitter_card":"summary_large_image","twitter_misc":{"Tahmini okuma s\u00fcresi":"1 dakika"},"schema":{"@context":"https:\/\/schema.org","@graph":[{"@type":"WebPage","@id":"https:\/\/www.gorselsanatlar.com.tr\/healthcare-medical\/","url":"https:\/\/www.gorselsanatlar.com.tr\/healthcare-medical\/","name":"Healthcare &amp; Medical - GS Packaging","isPartOf":{"@id":"https:\/\/www.gorselsanatlar.com.tr\/tr\/#website"},"primaryImageOfPage":{"@id":"https:\/\/www.gorselsanatlar.com.tr\/healthcare-medical\/#primaryimage"},"image":{"@id":"https:\/\/www.gorselsanatlar.com.tr\/healthcare-medical\/#primaryimage"},"thumbnailUrl":"https:\/\/www.gorselsanatlar.com.tr\/wp-content\/uploads\/2025\/09\/ALT_0030-450x450.jpg","datePublished":"2025-09-17T10:57:31+00:00","dateModified":"2025-10-13T10:38:19+00:00","breadcrumb":{"@id":"https:\/\/www.gorselsanatlar.com.tr\/healthcare-medical\/#breadcrumb"},"inLanguage":"tr","potentialAction":[{"@type":"ReadAction","target":["https:\/\/www.gorselsanatlar.com.tr\/healthcare-medical\/"]}]},{"@type":"ImageObject","inLanguage":"tr","@id":"https:\/\/www.gorselsanatlar.com.tr\/healthcare-medical\/#primaryimage","url":"https:\/\/www.gorselsanatlar.com.tr\/wp-content\/uploads\/2025\/09\/ALT_0030-450x450.jpg","contentUrl":"https:\/\/www.gorselsanatlar.com.tr\/wp-content\/uploads\/2025\/09\/ALT_0030-450x450.jpg"},{"@type":"BreadcrumbList","@id":"https:\/\/www.gorselsanatlar.com.tr\/healthcare-medical\/#breadcrumb","itemListElement":[{"@type":"ListItem","position":1,"name":"Home","item":"https:\/\/www.gorselsanatlar.com.tr\/"},{"@type":"ListItem","position":2,"name":"Healthcare &amp; Medical"}]},{"@type":"WebSite","@id":"https:\/\/www.gorselsanatlar.com.tr\/tr\/#website","url":"https:\/\/www.gorselsanatlar.com.tr\/tr\/","name":"GS Packaging","description":"","publisher":{"@id":"https:\/\/www.gorselsanatlar.com.tr\/tr\/#organization"},"potentialAction":[{"@type":"SearchAction","target":{"@type":"EntryPoint","urlTemplate":"https:\/\/www.gorselsanatlar.com.tr\/tr\/?s={search_term_string}"},"query-input":{"@type":"PropertyValueSpecification","valueRequired":true,"valueName":"search_term_string"}}],"inLanguage":"tr"},{"@type":"Organization","@id":"https:\/\/www.gorselsanatlar.com.tr\/tr\/#organization","name":"GS Packaging","url":"https:\/\/www.gorselsanatlar.com.tr\/tr\/","logo":{"@type":"ImageObject","inLanguage":"tr","@id":"https:\/\/www.gorselsanatlar.com.tr\/tr\/#\/schema\/logo\/image\/","url":"https:\/\/www.gorselsanatlar.com.tr\/wp-content\/uploads\/2025\/09\/GSP-logo.webp","contentUrl":"https:\/\/www.gorselsanatlar.com.tr\/wp-content\/uploads\/2025\/09\/GSP-logo.webp","width":689,"height":169,"caption":"GS Packaging"},"image":{"@id":"https:\/\/www.gorselsanatlar.com.tr\/tr\/#\/schema\/logo\/image\/"}}]}},"_links":{"self":[{"href":"https:\/\/www.gorselsanatlar.com.tr\/tr\/wp-json\/wp\/v2\/pages\/13297","targetHints":{"allow":["GET"]}}],"collection":[{"href":"https:\/\/www.gorselsanatlar.com.tr\/tr\/wp-json\/wp\/v2\/pages"}],"about":[{"href":"https:\/\/www.gorselsanatlar.com.tr\/tr\/wp-json\/wp\/v2\/types\/page"}],"author":[{"embeddable":true,"href":"https:\/\/www.gorselsanatlar.com.tr\/tr\/wp-json\/wp\/v2\/users\/1"}],"replies":[{"embeddable":true,"href":"https:\/\/www.gorselsanatlar.com.tr\/tr\/wp-json\/wp\/v2\/comments?post=13297"}],"version-history":[{"count":28,"href":"https:\/\/www.gorselsanatlar.com.tr\/tr\/wp-json\/wp\/v2\/pages\/13297\/revisions"}],"predecessor-version":[{"id":14163,"href":"https:\/\/www.gorselsanatlar.com.tr\/tr\/wp-json\/wp\/v2\/pages\/13297\/revisions\/14163"}],"wp:attachment":[{"href":"https:\/\/www.gorselsanatlar.com.tr\/tr\/wp-json\/wp\/v2\/media?parent=13297"}],"curies":[{"name":"wp","href":"https:\/\/api.w.org\/{rel}","templated":true}]}}