{"id":14205,"date":"2025-10-16T02:12:18","date_gmt":"2025-10-16T06:12:18","guid":{"rendered":"https:\/\/www.gorselsanatlar.com.tr\/?page_id=14205"},"modified":"2025-10-16T02:22:13","modified_gmt":"2025-10-16T06:22:13","slug":"other","status":"publish","type":"page","link":"https:\/\/www.gorselsanatlar.com.tr\/tr\/other\/","title":{"rendered":"Di\u011fer"},"content":{"rendered":"<div data-elementor-type=\"wp-page\" data-elementor-id=\"14205\" class=\"elementor elementor-14205\" data-elementor-post-type=\"page\">\n\t\t\t\t<div class=\"elementor-element elementor-element-e297119 e-flex e-con-boxed e-con e-parent\" data-id=\"e297119\" data-element_type=\"container\">\n\t\t\t\t\t<div class=\"e-con-inner\">\n\t\t\t\t<div class=\"elementor-element elementor-element-47dc0ab elementor-widget elementor-widget-hfe-breadcrumbs-widget\" data-id=\"47dc0ab\" data-element_type=\"widget\" data-widget_type=\"hfe-breadcrumbs-widget.default\">\n\t\t\t\t<div class=\"elementor-widget-container\">\n\t\t\t\t\t<nav aria-label=\"Breadcrumb\"><ul class=\"hfe-breadcrumbs hfe-breadcrumbs-show-home\"><li class=\"hfe-breadcrumbs-item hfe-breadcrumbs-first\"><span class=\"hfe-breadcrumbs-home-icon\"><svg aria-hidden=\"true\" class=\"e-font-icon-svg e-fas-home\" viewbox=\"0 0 576 512\" xmlns=\"http:\/\/www.w3.org\/2000\/svg\"><path d=\"M280.37 148.26L96 300.11V464a16 16 0 0 0 16 16l112.06-.29a16 16 0 0 0 15.92-16V368a16 16 0 0 1 16-16h64a16 16 0 0 1 16 16v95.64a16 16 0 0 0 16 16.05L464 480a16 16 0 0 0 16-16V300L295.67 148.26a12.19 12.19 0 0 0-15.3 0zM571.6 251.47L488 182.56V44.05a12 12 0 0 0-12-12h-56a12 12 0 0 0-12 12v72.61L318.47 43a48 48 0 0 0-61 0L4.34 251.47a12 12 0 0 0-1.6 16.9l25.5 31A12 12 0 0 0 45.15 301l235.22-193.74a12.19 12.19 0 0 1 15.3 0L530.9 301a12 12 0 0 0 16.9-1.6l25.5-31a12 12 0 0 0-1.7-16.93z\"><\/path><\/svg><\/span><a href=\"https:\/\/www.gorselsanatlar.com.tr\/tr\"><span class=\"hfe-breadcrumbs-text\">Anasayfa<\/span><\/a><\/li><\/ul><\/nav>\t\t\t\t<\/div>\n\t\t\t\t<\/div>\n\t\t\t\t\t<\/div>\n\t\t\t\t<\/div>\n\t\t<div class=\"elementor-element elementor-element-3eb7ca8 e-flex e-con-boxed e-con e-parent\" data-id=\"3eb7ca8\" data-element_type=\"container\">\n\t\t\t\t\t<div class=\"e-con-inner\">\n\t\t<div class=\"elementor-element elementor-element-96c5240 e-con-full e-flex e-con e-child\" data-id=\"96c5240\" data-element_type=\"container\">\n\t\t\t\t<div class=\"elementor-element elementor-element-e4dbe56 elementor-widget elementor-widget-image-gallery\" data-id=\"e4dbe56\" data-element_type=\"widget\" data-widget_type=\"image-gallery.default\">\n\t\t\t\t\t\t\t<div class=\"elementor-image-gallery\">\n\t\t\t<div id='gallery-1' class='gallery galleryid-14205 gallery-columns-3 gallery-size-echofy-team'><figure class='gallery-item'>\n\t\t\t<div class='gallery-icon landscape'>\n\t\t\t\t<a data-elementor-open-lightbox=\"yes\" data-elementor-lightbox-slideshow=\"e4dbe56\" data-elementor-lightbox-title=\"Ayakkab\u0131 Bak\u0131m--\" data-e-action-hash=\"#elementor-action%3Aaction%3Dlightbox%26settings%3DeyJpZCI6MTQyMDcsInVybCI6Imh0dHBzOlwvXC93d3cuZ29yc2Vsc2FuYXRsYXIuY29tLnRyXC93cC1jb250ZW50XC91cGxvYWRzXC8yMDI1XC8xMFwvQXlha2thYmktQmFraW0tLXNjYWxlZC5qcGciLCJzbGlkZXNob3ciOiJlNGRiZTU2In0%3D\" href='https:\/\/www.gorselsanatlar.com.tr\/wp-content\/uploads\/2025\/10\/Ayakkabi-Bakim--scaled.jpg'><img fetchpriority=\"high\" decoding=\"async\" width=\"450\" height=\"450\" src=\"https:\/\/www.gorselsanatlar.com.tr\/wp-content\/uploads\/2025\/10\/Ayakkabi-Bakim--450x450.jpg\" class=\"attachment-echofy-team size-echofy-team\" alt=\"\" srcset=\"https:\/\/www.gorselsanatlar.com.tr\/wp-content\/uploads\/2025\/10\/Ayakkabi-Bakim--450x450.jpg 450w, https:\/\/www.gorselsanatlar.com.tr\/wp-content\/uploads\/2025\/10\/Ayakkabi-Bakim--150x150.jpg 150w, https:\/\/www.gorselsanatlar.com.tr\/wp-content\/uploads\/2025\/10\/Ayakkabi-Bakim--106x106.jpg 106w, https:\/\/www.gorselsanatlar.com.tr\/wp-content\/uploads\/2025\/10\/Ayakkabi-Bakim--560x560.jpg 560w, https:\/\/www.gorselsanatlar.com.tr\/wp-content\/uploads\/2025\/10\/Ayakkabi-Bakim--80x80.jpg 80w\" sizes=\"(max-width: 450px) 100vw, 450px\" \/><\/a>\n\t\t\t<\/div><\/figure><figure class='gallery-item'>\n\t\t\t<div class='gallery-icon landscape'>\n\t\t\t\t<a data-elementor-open-lightbox=\"yes\" data-elementor-lightbox-slideshow=\"e4dbe56\" data-elementor-lightbox-title=\"k\u0131rtasiye\" data-e-action-hash=\"#elementor-action%3Aaction%3Dlightbox%26settings%3DeyJpZCI6MTQyMDgsInVybCI6Imh0dHBzOlwvXC93d3cuZ29yc2Vsc2FuYXRsYXIuY29tLnRyXC93cC1jb250ZW50XC91cGxvYWRzXC8yMDI1XC8xMFwva2lydGFzaXllLmpwZyIsInNsaWRlc2hvdyI6ImU0ZGJlNTYifQ%3D%3D\" href='https:\/\/www.gorselsanatlar.com.tr\/wp-content\/uploads\/2025\/10\/kirtasiye.jpg'><img decoding=\"async\" width=\"450\" height=\"450\" src=\"https:\/\/www.gorselsanatlar.com.tr\/wp-content\/uploads\/2025\/10\/kirtasiye-450x450.jpg\" class=\"attachment-echofy-team size-echofy-team\" alt=\"\" srcset=\"https:\/\/www.gorselsanatlar.com.tr\/wp-content\/uploads\/2025\/10\/kirtasiye-450x450.jpg 450w, https:\/\/www.gorselsanatlar.com.tr\/wp-content\/uploads\/2025\/10\/kirtasiye-150x150.jpg 150w, https:\/\/www.gorselsanatlar.com.tr\/wp-content\/uploads\/2025\/10\/kirtasiye-106x106.jpg 106w, https:\/\/www.gorselsanatlar.com.tr\/wp-content\/uploads\/2025\/10\/kirtasiye-560x560.jpg 560w, https:\/\/www.gorselsanatlar.com.tr\/wp-content\/uploads\/2025\/10\/kirtasiye-80x80.jpg 80w\" sizes=\"(max-width: 450px) 100vw, 450px\" \/><\/a>\n\t\t\t<\/div><\/figure><figure class='gallery-item'>\n\t\t\t<div class='gallery-icon landscape'>\n\t\t\t\t<a data-elementor-open-lightbox=\"yes\" data-elementor-lightbox-slideshow=\"e4dbe56\" data-elementor-lightbox-title=\"endu\u0308striyel\" data-e-action-hash=\"#elementor-action%3Aaction%3Dlightbox%26settings%3DeyJpZCI6MTQyMDksInVybCI6Imh0dHBzOlwvXC93d3cuZ29yc2Vsc2FuYXRsYXIuY29tLnRyXC93cC1jb250ZW50XC91cGxvYWRzXC8yMDI1XC8xMFwvZW5kdXN0cml5ZWwtc2NhbGVkLmpwZyIsInNsaWRlc2hvdyI6ImU0ZGJlNTYifQ%3D%3D\" href='https:\/\/www.gorselsanatlar.com.tr\/wp-content\/uploads\/2025\/10\/endustriyel-scaled.jpg'><img decoding=\"async\" width=\"450\" height=\"450\" src=\"https:\/\/www.gorselsanatlar.com.tr\/wp-content\/uploads\/2025\/10\/endustriyel-450x450.jpg\" class=\"attachment-echofy-team size-echofy-team\" alt=\"\" srcset=\"https:\/\/www.gorselsanatlar.com.tr\/wp-content\/uploads\/2025\/10\/endustriyel-450x450.jpg 450w, https:\/\/www.gorselsanatlar.com.tr\/wp-content\/uploads\/2025\/10\/endustriyel-150x150.jpg 150w, https:\/\/www.gorselsanatlar.com.tr\/wp-content\/uploads\/2025\/10\/endustriyel-106x106.jpg 106w, https:\/\/www.gorselsanatlar.com.tr\/wp-content\/uploads\/2025\/10\/endustriyel-560x560.jpg 560w, https:\/\/www.gorselsanatlar.com.tr\/wp-content\/uploads\/2025\/10\/endustriyel-80x80.jpg 80w\" sizes=\"(max-width: 450px) 100vw, 450px\" \/><\/a>\n\t\t\t<\/div><\/figure>\n\t\t<\/div>\n\t\t<\/div>\n\t\t\t\t\t\t<\/div>\n\t\t\t\t<\/div>\n\t\t\t\t\t<\/div>\n\t\t\t\t<\/div>\n\t\t<div class=\"elementor-element elementor-element-40ba6d1 e-flex e-con-boxed e-con e-parent\" data-id=\"40ba6d1\" data-element_type=\"container\">\n\t\t\t\t\t<div class=\"e-con-inner\">\n\t\t<div class=\"elementor-element elementor-element-22c31b9 e-con-full e-flex e-con e-child\" data-id=\"22c31b9\" data-element_type=\"container\">\n\t\t\t\t<div class=\"elementor-element elementor-element-c1f0f69 elementor-widget-divider--view-line elementor-widget elementor-widget-divider\" data-id=\"c1f0f69\" data-element_type=\"widget\" data-widget_type=\"divider.default\">\n\t\t\t\t\t\t\t<div class=\"elementor-divider\">\n\t\t\t<span class=\"elementor-divider-separator\">\n\t\t\t\t\t\t<\/span>\n\t\t<\/div>\n\t\t\t\t\t\t<\/div>\n\t\t\t\t<\/div>\n\t\t\t\t\t<\/div>\n\t\t\t\t<\/div>\n\t\t<div class=\"elementor-element elementor-element-877d594 e-flex e-con-boxed e-con e-parent\" data-id=\"877d594\" data-element_type=\"container\">\n\t\t\t\t\t<div class=\"e-con-inner\">\n\t\t<div class=\"elementor-element elementor-element-5f2eafd e-con-full e-flex e-con e-child\" data-id=\"5f2eafd\" data-element_type=\"container\">\n\t\t\t\t<div class=\"elementor-element elementor-element-99f1848 elementor-widget elementor-widget-heading\" data-id=\"99f1848\" data-element_type=\"widget\" data-widget_type=\"heading.default\">\n\t\t\t\t\t<h2 class=\"elementor-heading-title elementor-size-default\">SERT\u0130F\u0130KALARIMIZ<\/h2>\t\t\t\t<\/div>\n\t\t\t\t<\/div>\n\t\t<div class=\"elementor-element elementor-element-c078cb3 e-con-full e-flex e-con e-child\" data-id=\"c078cb3\" data-element_type=\"container\">\n\t\t\t\t<div class=\"elementor-element elementor-element-94516a6 elementor-widget elementor-widget-text-editor\" data-id=\"94516a6\" data-element_type=\"widget\" data-widget_type=\"text-editor.default\">\n\t\t\t\t\t\t\t\t\t<p>G\u00f6rsel Sanatlar Ambalaj olarak m\u00fc\u015fterilerimize \u00e7evre dostu sertifikal\u0131 ambalaj se\u00e7enekleri sunuyor ve ambalajlar\u0131n\u0131 marka de\u011ferleriyle uyumlu olacak \u015fekilde optimize etmelerine yard\u0131mc\u0131 oluyoruz.<\/p>\t\t\t\t\t\t\t\t<\/div>\n\t\t\t\t<\/div>\n\t\t\t\t\t<\/div>\n\t\t\t\t<\/div>\n\t\t<div class=\"elementor-element elementor-element-c1e6642 e-flex e-con-boxed e-con e-parent\" data-id=\"c1e6642\" data-element_type=\"container\">\n\t\t\t\t\t<div class=\"e-con-inner\">\n\t\t<div class=\"elementor-element elementor-element-35f15f8 e-con-full e-flex e-con e-child\" data-id=\"35f15f8\" data-element_type=\"container\">\n\t\t\t\t<div class=\"elementor-element elementor-element-15271e2 elementor-widget elementor-widget-image\" data-id=\"15271e2\" data-element_type=\"widget\" data-widget_type=\"image.default\">\n\t\t\t\t\t\t\t\t\t\t\t\t\t\t\t<img loading=\"lazy\" decoding=\"async\" width=\"1024\" height=\"121\" src=\"https:\/\/www.gorselsanatlar.com.tr\/wp-content\/uploads\/2025\/10\/belgelogolari-1024x121.webp\" class=\"attachment-large size-large wp-image-14145\" alt=\"\" srcset=\"https:\/\/www.gorselsanatlar.com.tr\/wp-content\/uploads\/2025\/10\/belgelogolari-1024x121.webp 1024w, https:\/\/www.gorselsanatlar.com.tr\/wp-content\/uploads\/2025\/10\/belgelogolari-300x35.webp 300w, https:\/\/www.gorselsanatlar.com.tr\/wp-content\/uploads\/2025\/10\/belgelogolari-768x91.webp 768w, https:\/\/www.gorselsanatlar.com.tr\/wp-content\/uploads\/2025\/10\/belgelogolari-1536x182.webp 1536w, https:\/\/www.gorselsanatlar.com.tr\/wp-content\/uploads\/2025\/10\/belgelogolari-18x2.webp 18w, https:\/\/www.gorselsanatlar.com.tr\/wp-content\/uploads\/2025\/10\/belgelogolari.webp 1631w\" sizes=\"(max-width: 1024px) 100vw, 1024px\" \/>\t\t\t\t\t\t\t\t\t\t\t\t\t\t\t<\/div>\n\t\t\t\t<\/div>\n\t\t\t\t\t<\/div>\n\t\t\t\t<\/div>\n\t\t\t\t<\/div>","protected":false},"excerpt":{"rendered":"<p>Home OUR CERTIFICATES As GS Packaging customers, you always have a choice to prefer eco-friendly solutions. We offer certified packaging options and help our customers optimize their packaging requirements to align with their brand values.<\/p>","protected":false},"author":1,"featured_media":0,"parent":0,"menu_order":0,"comment_status":"closed","ping_status":"closed","template":"page-templates\/template-default.php","meta":{"footnotes":""},"class_list":["post-14205","page","type-page","status-publish","hentry"],"yoast_head":"<!-- This site is optimized with the Yoast SEO plugin v25.9 - https:\/\/yoast.com\/wordpress\/plugins\/seo\/ -->\n<title>Other - GS Packaging<\/title>\n<meta name=\"robots\" content=\"index, follow, max-snippet:-1, max-image-preview:large, max-video-preview:-1\" \/>\n<link rel=\"canonical\" href=\"https:\/\/www.gorselsanatlar.com.tr\/tr\/other\/\" \/>\n<meta property=\"og:locale\" content=\"tr_TR\" \/>\n<meta property=\"og:type\" content=\"article\" \/>\n<meta property=\"og:title\" content=\"Other - GS Packaging\" \/>\n<meta property=\"og:description\" content=\"Home OUR CERTIFICATES As GS Packaging customers, you always have a choice to prefer eco-friendly solutions. We offer certified packaging options and help our customers optimize their packaging requirements to align with their brand values.\" \/>\n<meta property=\"og:url\" content=\"https:\/\/www.gorselsanatlar.com.tr\/tr\/other\/\" \/>\n<meta property=\"og:site_name\" content=\"GS Packaging\" \/>\n<meta property=\"article:modified_time\" content=\"2025-10-16T06:22:13+00:00\" \/>\n<meta property=\"og:image\" content=\"https:\/\/www.gorselsanatlar.com.tr\/wp-content\/uploads\/2025\/10\/Ayakkabi-Bakim--450x450.jpg\" \/>\n<meta name=\"twitter:card\" content=\"summary_large_image\" \/>\n<meta name=\"twitter:label1\" content=\"Tahmini okuma s\u00fcresi\" \/>\n\t<meta name=\"twitter:data1\" content=\"1 dakika\" \/>\n<script type=\"application\/ld+json\" class=\"yoast-schema-graph\">{\"@context\":\"https:\/\/schema.org\",\"@graph\":[{\"@type\":\"WebPage\",\"@id\":\"https:\/\/www.gorselsanatlar.com.tr\/other\/\",\"url\":\"https:\/\/www.gorselsanatlar.com.tr\/other\/\",\"name\":\"Other - GS Packaging\",\"isPartOf\":{\"@id\":\"https:\/\/www.gorselsanatlar.com.tr\/tr\/#website\"},\"primaryImageOfPage\":{\"@id\":\"https:\/\/www.gorselsanatlar.com.tr\/other\/#primaryimage\"},\"image\":{\"@id\":\"https:\/\/www.gorselsanatlar.com.tr\/other\/#primaryimage\"},\"thumbnailUrl\":\"https:\/\/www.gorselsanatlar.com.tr\/wp-content\/uploads\/2025\/10\/Ayakkabi-Bakim--450x450.jpg\",\"datePublished\":\"2025-10-16T06:12:18+00:00\",\"dateModified\":\"2025-10-16T06:22:13+00:00\",\"breadcrumb\":{\"@id\":\"https:\/\/www.gorselsanatlar.com.tr\/other\/#breadcrumb\"},\"inLanguage\":\"tr\",\"potentialAction\":[{\"@type\":\"ReadAction\",\"target\":[\"https:\/\/www.gorselsanatlar.com.tr\/other\/\"]}]},{\"@type\":\"ImageObject\",\"inLanguage\":\"tr\",\"@id\":\"https:\/\/www.gorselsanatlar.com.tr\/other\/#primaryimage\",\"url\":\"https:\/\/www.gorselsanatlar.com.tr\/wp-content\/uploads\/2025\/10\/Ayakkabi-Bakim--450x450.jpg\",\"contentUrl\":\"https:\/\/www.gorselsanatlar.com.tr\/wp-content\/uploads\/2025\/10\/Ayakkabi-Bakim--450x450.jpg\"},{\"@type\":\"BreadcrumbList\",\"@id\":\"https:\/\/www.gorselsanatlar.com.tr\/other\/#breadcrumb\",\"itemListElement\":[{\"@type\":\"ListItem\",\"position\":1,\"name\":\"Home\",\"item\":\"https:\/\/www.gorselsanatlar.com.tr\/\"},{\"@type\":\"ListItem\",\"position\":2,\"name\":\"Other\"}]},{\"@type\":\"WebSite\",\"@id\":\"https:\/\/www.gorselsanatlar.com.tr\/tr\/#website\",\"url\":\"https:\/\/www.gorselsanatlar.com.tr\/tr\/\",\"name\":\"GS Packaging\",\"description\":\"\",\"publisher\":{\"@id\":\"https:\/\/www.gorselsanatlar.com.tr\/tr\/#organization\"},\"potentialAction\":[{\"@type\":\"SearchAction\",\"target\":{\"@type\":\"EntryPoint\",\"urlTemplate\":\"https:\/\/www.gorselsanatlar.com.tr\/tr\/?s={search_term_string}\"},\"query-input\":{\"@type\":\"PropertyValueSpecification\",\"valueRequired\":true,\"valueName\":\"search_term_string\"}}],\"inLanguage\":\"tr\"},{\"@type\":\"Organization\",\"@id\":\"https:\/\/www.gorselsanatlar.com.tr\/tr\/#organization\",\"name\":\"GS Packaging\",\"url\":\"https:\/\/www.gorselsanatlar.com.tr\/tr\/\",\"logo\":{\"@type\":\"ImageObject\",\"inLanguage\":\"tr\",\"@id\":\"https:\/\/www.gorselsanatlar.com.tr\/tr\/#\/schema\/logo\/image\/\",\"url\":\"https:\/\/www.gorselsanatlar.com.tr\/wp-content\/uploads\/2025\/09\/GSP-logo.webp\",\"contentUrl\":\"https:\/\/www.gorselsanatlar.com.tr\/wp-content\/uploads\/2025\/09\/GSP-logo.webp\",\"width\":689,\"height\":169,\"caption\":\"GS Packaging\"},\"image\":{\"@id\":\"https:\/\/www.gorselsanatlar.com.tr\/tr\/#\/schema\/logo\/image\/\"}}]}<\/script>\n<!-- \/ Yoast SEO plugin. -->","yoast_head_json":{"title":"Other - GS Packaging","robots":{"index":"index","follow":"follow","max-snippet":"max-snippet:-1","max-image-preview":"max-image-preview:large","max-video-preview":"max-video-preview:-1"},"canonical":"https:\/\/www.gorselsanatlar.com.tr\/tr\/other\/","og_locale":"tr_TR","og_type":"article","og_title":"Other - GS Packaging","og_description":"Home OUR CERTIFICATES As GS Packaging customers, you always have a choice to prefer eco-friendly solutions. We offer certified packaging options and help our customers optimize their packaging requirements to align with their brand values.","og_url":"https:\/\/www.gorselsanatlar.com.tr\/tr\/other\/","og_site_name":"GS Packaging","article_modified_time":"2025-10-16T06:22:13+00:00","og_image":[{"url":"https:\/\/www.gorselsanatlar.com.tr\/wp-content\/uploads\/2025\/10\/Ayakkabi-Bakim--450x450.jpg","type":"","width":"","height":""}],"twitter_card":"summary_large_image","twitter_misc":{"Tahmini okuma s\u00fcresi":"1 dakika"},"schema":{"@context":"https:\/\/schema.org","@graph":[{"@type":"WebPage","@id":"https:\/\/www.gorselsanatlar.com.tr\/other\/","url":"https:\/\/www.gorselsanatlar.com.tr\/other\/","name":"Other - GS Packaging","isPartOf":{"@id":"https:\/\/www.gorselsanatlar.com.tr\/tr\/#website"},"primaryImageOfPage":{"@id":"https:\/\/www.gorselsanatlar.com.tr\/other\/#primaryimage"},"image":{"@id":"https:\/\/www.gorselsanatlar.com.tr\/other\/#primaryimage"},"thumbnailUrl":"https:\/\/www.gorselsanatlar.com.tr\/wp-content\/uploads\/2025\/10\/Ayakkabi-Bakim--450x450.jpg","datePublished":"2025-10-16T06:12:18+00:00","dateModified":"2025-10-16T06:22:13+00:00","breadcrumb":{"@id":"https:\/\/www.gorselsanatlar.com.tr\/other\/#breadcrumb"},"inLanguage":"tr","potentialAction":[{"@type":"ReadAction","target":["https:\/\/www.gorselsanatlar.com.tr\/other\/"]}]},{"@type":"ImageObject","inLanguage":"tr","@id":"https:\/\/www.gorselsanatlar.com.tr\/other\/#primaryimage","url":"https:\/\/www.gorselsanatlar.com.tr\/wp-content\/uploads\/2025\/10\/Ayakkabi-Bakim--450x450.jpg","contentUrl":"https:\/\/www.gorselsanatlar.com.tr\/wp-content\/uploads\/2025\/10\/Ayakkabi-Bakim--450x450.jpg"},{"@type":"BreadcrumbList","@id":"https:\/\/www.gorselsanatlar.com.tr\/other\/#breadcrumb","itemListElement":[{"@type":"ListItem","position":1,"name":"Home","item":"https:\/\/www.gorselsanatlar.com.tr\/"},{"@type":"ListItem","position":2,"name":"Other"}]},{"@type":"WebSite","@id":"https:\/\/www.gorselsanatlar.com.tr\/tr\/#website","url":"https:\/\/www.gorselsanatlar.com.tr\/tr\/","name":"GS Packaging","description":"","publisher":{"@id":"https:\/\/www.gorselsanatlar.com.tr\/tr\/#organization"},"potentialAction":[{"@type":"SearchAction","target":{"@type":"EntryPoint","urlTemplate":"https:\/\/www.gorselsanatlar.com.tr\/tr\/?s={search_term_string}"},"query-input":{"@type":"PropertyValueSpecification","valueRequired":true,"valueName":"search_term_string"}}],"inLanguage":"tr"},{"@type":"Organization","@id":"https:\/\/www.gorselsanatlar.com.tr\/tr\/#organization","name":"GS Packaging","url":"https:\/\/www.gorselsanatlar.com.tr\/tr\/","logo":{"@type":"ImageObject","inLanguage":"tr","@id":"https:\/\/www.gorselsanatlar.com.tr\/tr\/#\/schema\/logo\/image\/","url":"https:\/\/www.gorselsanatlar.com.tr\/wp-content\/uploads\/2025\/09\/GSP-logo.webp","contentUrl":"https:\/\/www.gorselsanatlar.com.tr\/wp-content\/uploads\/2025\/09\/GSP-logo.webp","width":689,"height":169,"caption":"GS Packaging"},"image":{"@id":"https:\/\/www.gorselsanatlar.com.tr\/tr\/#\/schema\/logo\/image\/"}}]}},"_links":{"self":[{"href":"https:\/\/www.gorselsanatlar.com.tr\/tr\/wp-json\/wp\/v2\/pages\/14205","targetHints":{"allow":["GET"]}}],"collection":[{"href":"https:\/\/www.gorselsanatlar.com.tr\/tr\/wp-json\/wp\/v2\/pages"}],"about":[{"href":"https:\/\/www.gorselsanatlar.com.tr\/tr\/wp-json\/wp\/v2\/types\/page"}],"author":[{"embeddable":true,"href":"https:\/\/www.gorselsanatlar.com.tr\/tr\/wp-json\/wp\/v2\/users\/1"}],"replies":[{"embeddable":true,"href":"https:\/\/www.gorselsanatlar.com.tr\/tr\/wp-json\/wp\/v2\/comments?post=14205"}],"version-history":[{"count":8,"href":"https:\/\/www.gorselsanatlar.com.tr\/tr\/wp-json\/wp\/v2\/pages\/14205\/revisions"}],"predecessor-version":[{"id":14216,"href":"https:\/\/www.gorselsanatlar.com.tr\/tr\/wp-json\/wp\/v2\/pages\/14205\/revisions\/14216"}],"wp:attachment":[{"href":"https:\/\/www.gorselsanatlar.com.tr\/tr\/wp-json\/wp\/v2\/media?parent=14205"}],"curies":[{"name":"wp","href":"https:\/\/api.w.org\/{rel}","templated":true}]}}