{"id":3,"date":"2025-07-28T09:04:43","date_gmt":"2025-07-28T09:04:43","guid":{"rendered":"https:\/\/www.gorselsanatlar.com.tr\/?page_id=3"},"modified":"2025-09-09T02:10:59","modified_gmt":"2025-09-09T06:10:59","slug":"privacy-policy","status":"publish","type":"page","link":"https:\/\/www.gorselsanatlar.com.tr\/tr\/privacy-policy\/","title":{"rendered":"Web Sitesi \u00c7erez Ayd\u0131nlatma Metni"},"content":{"rendered":"<div data-elementor-type=\"wp-page\" data-elementor-id=\"3\" class=\"elementor elementor-3\" data-elementor-post-type=\"page\">\n\t\t\t\t<div class=\"elementor-element elementor-element-e4e8390 e-flex e-con-boxed e-con e-parent\" data-id=\"e4e8390\" data-element_type=\"container\">\n\t\t\t\t\t<div class=\"e-con-inner\">\n\t\t\t\t<div class=\"elementor-element elementor-element-f878cd1 elementor-widget elementor-widget-spacer\" data-id=\"f878cd1\" data-element_type=\"widget\" data-widget_type=\"spacer.default\">\n\t\t\t\t\t\t\t<div class=\"elementor-spacer\">\n\t\t\t<div class=\"elementor-spacer-inner\"><\/div>\n\t\t<\/div>\n\t\t\t\t\t\t<\/div>\n\t\t\t\t\t<\/div>\n\t\t\t\t<\/div>\n\t\t<div class=\"elementor-element elementor-element-25774a2c e-flex e-con-boxed e-con e-parent\" data-id=\"25774a2c\" data-element_type=\"container\">\n\t\t\t\t\t<div class=\"e-con-inner\">\n\t\t\t\t<div class=\"elementor-element elementor-element-923829a elementor-widget elementor-widget-heading\" data-id=\"923829a\" data-element_type=\"widget\" data-widget_type=\"heading.default\">\n\t\t\t\t\t<h1 class=\"elementor-heading-title elementor-size-default\">Web Sitesi \u00c7erez Ayd\u0131nlatma Metni<\/h1>\t\t\t\t<\/div>\n\t\t\t\t\t<\/div>\n\t\t\t\t<\/div>\n\t\t<div class=\"elementor-element elementor-element-aaa832d e-flex e-con-boxed e-con e-parent\" data-id=\"aaa832d\" data-element_type=\"container\">\n\t\t\t\t\t<div class=\"e-con-inner\">\n\t\t\t\t<div class=\"elementor-element elementor-element-8fffade elementor-widget elementor-widget-text-editor\" data-id=\"8fffade\" data-element_type=\"widget\" data-widget_type=\"text-editor.default\">\n\t\t\t\t\t\t\t\t\t<p><strong>WEB S\u0130TES\u0130 G\u0130ZL\u0130L\u0130K S\u00d6ZLE\u015eMES\u0130<\/strong><\/p>\n<p>\u00a0<\/p>\n<p>Bu web sitesini ziyaret etmeniz ve bu site vas\u0131tas\u0131yla sundu\u011fumuz hizmetlerden yararlanman\u0131z s\u0131ras\u0131nda size ve talep etti\u011finiz hizmetlere ili\u015fkin olarak elde etti\u011fimiz bilgilerin ne \u015fekilde kullan\u0131laca\u011f\u0131 ve korunaca\u011f\u0131 i\u015fbu \u201cGizlilik Politikas\u0131\u201dnda belirtilen \u015fartlara tabidir. Bu web sitesini ziyaret etmekle ve bu site vas\u0131tas\u0131yla sundu\u011fumuz hizmetlerden yararlanmay\u0131 talep etmekle i\u015fbu \u201cGizlilik Politikas\u0131\u201dnda belirtilen \u015fartlar\u0131 kabul etmektesiniz.<\/p>\n<p>\u00a0<\/p>\n<p>Bilgilerin Kullan\u0131lmas\u0131 ve Korunmas\u0131<\/p>\n<p>\u00a0<\/p>\n<p>G\u00d6RSEL SANATLAR MATBAACILIK AMBALAJ SAN.VE T\u0130C.A.\u015e. m\u00fc\u015fterilerine daha iyi hizmet verebilmek amac\u0131yla baz\u0131 ki\u015fisel bilgilerinizi (isim, soy isim, ya\u015f, e-posta, telefon vb\u2026) sizlerden talep etmektedir.<\/p>\n<p>\u00a0<\/p>\n<p>Toplanan bu ki\u015fisel bilgilerden elde edilebilecek istatistik veriler (taray\u0131c\u0131 tipi, co\u011frafi konum, ya\u015f, cinsiyet, v.b.), d\u00f6nemsel kampanya \u00e7al\u0131\u015fmalar\u0131, e-b\u00fclten \u00e7al\u0131\u015fmalar\u0131, m\u00fc\u015fteri profillerine y\u00f6nelik \u00f6zel promosyon faaliyetlerinin kurgulanmas\u0131 ve istenmeyen e-postalar\u0131n iletilmemesine y\u00f6nelik m\u00fc\u015fteri \u201cs\u0131n\u0131fland\u0131rma\u201d \u00e7al\u0131\u015fmalar\u0131nda G\u00d6RSEL SANATLAR MATBAACILIK AMBALAJ SAN.VE T\u0130C.A.\u015e. b\u00fcnyesinde kullan\u0131lmaktad\u0131r.<\/p>\n<p>\u00a0<\/p>\n<p>G\u00d6RSEL SANATLAR MATBAACILIK AMBALAJ SAN.VE T\u0130C.A.\u015e. \u00fcyelik formlar\u0131ndan toplad\u0131\u011f\u0131 bilgileri, s\u00f6z konusu \u00fcyenin haberi ya da aksi bir talimat\u0131 olmaks\u0131z\u0131n, \u00fc\u00e7\u00fcnc\u00fc \u015fah\u0131slarla kesinlikle payla\u015fmamakta, faaliyet d\u0131\u015f\u0131 hi\u00e7bir nedenle ticari ama\u00e7la kullanmamakta ve de satmamaktad\u0131r.<\/p>\n<p>\u00a0<\/p>\n<p>G\u00d6RSEL SANATLAR MATBAACILIK AMBALAJ SAN.VE T\u0130C.A.\u015e. e-posta adresleri ve \u00fcyelik formlar\u0131nda istedi\u011fi ki\u015fisel bilgilerin haricinde site kullan\u0131m\u0131 s\u0131ras\u0131nda izledi\u011fi, ziyaret\u00e7i hareket ve tercihlerini analiz ederek yorumlamaktad\u0131r. Ki\u015fisel bilgiler i\u00e7ermeyen bu istatistiksel veriler, misafirlere daha \u00f6zel ve etkin bir rezervasyon deneyimi ya\u015fatmak amac\u0131yla kullan\u0131lmaktad\u0131r.<\/p>\n<p>\u00a0<\/p>\n<p>M\u00fc\u015fteri bilgileri, ancak resmi makamlarca usul\u00fc dairesinde bu bilgilerin talep edilmesi halinde ve y\u00fcr\u00fcrl\u00fckteki emredici mevzuat h\u00fck\u00fcmleri gere\u011fince resmi makamlara a\u00e7\u0131klama yapmak zorunda oldu\u011fu durumlarda resmi makamlara a\u00e7\u0131klanabilecektir.<\/p>\n<p>\u00a0<\/p>\n<p>M\u00fc\u015fterinin sisteme girdi\u011fi t\u00fcm bilgilere sadece M\u00fc\u015fteri ula\u015fabilmekte ve bu bilgileri sadece M\u00fc\u015fteri de\u011fi\u015ftirebilmektedir. Bir ba\u015fkas\u0131n\u0131n bu bilgilere ula\u015fmas\u0131 ve bunlar\u0131 de\u011fi\u015ftirmesi m\u00fcmk\u00fcn de\u011fildir.<\/p>\n<p>\u00a0<\/p>\n<p>\u00d6deme sayfas\u0131nda istenen kredi kart\u0131 bilgileriniz, siteden al\u0131\u015fveri\u015f yapan misafirlerimizin g\u00fcvenli\u011fini en \u00fcst seviyede tutmak amac\u0131yla 3D Secure uygulamas\u0131 ile al\u0131nmaktad\u0131r. Bu \u015fekilde \u00f6demeye y\u00f6nelik t\u00fcm i\u015flemlerin gorselsanatlar.com.tr ara y\u00fcz\u00fc \u00fczerinden banka ve bilgisayar\u0131n\u0131z aras\u0131nda ger\u00e7ekle\u015fmesi sa\u011flanmaktad\u0131r. Ancak buna ra\u011fmen g\u00fcvenlik ile ilgili konularda bir garanti verememektedir.<\/p>\n<p>\u00a0<\/p>\n<p>\u0130nternetin yap\u0131s\u0131 gere\u011fi bilgiler internet \u00fczerinde yeterli g\u00fcvenlik \u00f6nlemleri olmas\u0131na ra\u011fmen dola\u015fabilir ve yetkili olmayan ki\u015filer taraf\u0131ndan al\u0131n\u0131p kullan\u0131labilir. Bu kullan\u0131m ve kullan\u0131mdan do\u011facak zarar G\u00d6RSEL SANATLAR MATBAACILIK AMBALAJ SAN.VE T\u0130C.A.\u015e. sorumlulu\u011funda de\u011fildir.<\/p>\n<p>\u00a0<\/p>\n<p>Toplanan bilgiler genel kullan\u0131ma a\u00e7\u0131k olmayan g\u00fcvenli bir ortamda saklan\u0131r.<\/p>\n<p>\u00a0<\/p>\n<p>\u00dc\u00e7\u00fcnc\u00fc Parti Sitelere Ba\u011flant\u0131lar\u0131na (Linklere) Dair G\u00d6RSEL SANATLAR MATBAACILIK AMBALAJ SAN.VE T\u0130C.A.\u015e. web sitesindeki ba\u011flant\u0131lar arac\u0131l\u0131\u011f\u0131yla ula\u015faca\u011f\u0131n\u0131z \u00fc\u00e7\u00fcnc\u00fc ki\u015filere ait web sitelerinin gizlilik ilkeleri hakk\u0131nda bir garanti vermez, bu nedenle ki\u015fisel olarak belirlenebilir herhangi bir bilgi vermeden \u00f6nce, gitti\u011finiz sitelerin gizlilik yakla\u015f\u0131mlar\u0131n\u0131 de\u011ferlendirmenizi \u00f6neririz.<\/p>\n<p>\u00a0<\/p>\n<p>\u0130leti\u015fim Gizlilik s\u00f6zle\u015fmesiyle ilgili sorular\u0131n\u0131z i\u00e7in gorselsanatlar.com.tr ileti\u015fim bilgilerini kullanarak bize ula\u015fabilirsiniz.<\/p>\n<p>\u00a0<\/p>\n<p>G\u00d6RSEL SANATLAR MATBAACILIK AMBALAJ SAN.VE T\u0130C.A.\u015e.<\/p>\n<p>\u00a0<\/p>\n<p>\u0130\u015f bu s\u00f6zle\u015fme \u0130ngilizce ve T\u00fcrk\u00e7e olarak d\u00fczenlenmi\u015f olup olas\u0131 \u00e7eviri sorunlar\u0131ndan kaynaklanacak t\u00fcm uyu\u015fmazl\u0131klarda T\u00fcrk\u00e7e \u00e7eviri referans olarak al\u0131nacakt\u0131r.<\/p>\t\t\t\t\t\t\t\t<\/div>\n\t\t\t\t\t<\/div>\n\t\t\t\t<\/div>\n\t\t\t\t<\/div>","protected":false},"excerpt":{"rendered":"<p>Privacy Policy WEBSITE PRIVACY AGREEMENT \u00a0 The way in which the information we obtain regarding you and the services you request will be used and protected during your visit to this website and your use of the services we provide through this site is subject to the conditions set forth in this \u201cPrivacy Policy\u201d. By [&hellip;]<\/p>","protected":false},"author":1,"featured_media":0,"parent":0,"menu_order":0,"comment_status":"closed","ping_status":"open","template":"elementor_header_footer","meta":{"footnotes":""},"class_list":["post-3","page","type-page","status-publish","hentry"],"yoast_head":"<!-- This site is optimized with the Yoast SEO plugin v25.9 - https:\/\/yoast.com\/wordpress\/plugins\/seo\/ -->\n<title>Privacy Policy - GS Packaging<\/title>\n<meta name=\"robots\" content=\"index, follow, max-snippet:-1, max-image-preview:large, max-video-preview:-1\" \/>\n<link rel=\"canonical\" href=\"https:\/\/www.gorselsanatlar.com.tr\/tr\/privacy-policy\/\" \/>\n<meta property=\"og:locale\" content=\"tr_TR\" \/>\n<meta property=\"og:type\" content=\"article\" \/>\n<meta property=\"og:title\" content=\"Privacy Policy - GS Packaging\" \/>\n<meta property=\"og:description\" content=\"Privacy Policy WEBSITE PRIVACY AGREEMENT \u00a0 The way in which the information we obtain regarding you and the services you request will be used and protected during your visit to this website and your use of the services we provide through this site is subject to the conditions set forth in this \u201cPrivacy Policy\u201d. By [&hellip;]\" \/>\n<meta property=\"og:url\" content=\"https:\/\/www.gorselsanatlar.com.tr\/tr\/privacy-policy\/\" \/>\n<meta property=\"og:site_name\" content=\"GS Packaging\" \/>\n<meta property=\"article:modified_time\" content=\"2025-09-09T06:10:59+00:00\" \/>\n<meta name=\"twitter:card\" content=\"summary_large_image\" \/>\n<meta name=\"twitter:label1\" content=\"Tahmini okuma s\u00fcresi\" \/>\n\t<meta name=\"twitter:data1\" content=\"3 dakika\" \/>\n<script type=\"application\/ld+json\" class=\"yoast-schema-graph\">{\"@context\":\"https:\/\/schema.org\",\"@graph\":[{\"@type\":\"WebPage\",\"@id\":\"https:\/\/www.gorselsanatlar.com.tr\/privacy-policy\/\",\"url\":\"https:\/\/www.gorselsanatlar.com.tr\/privacy-policy\/\",\"name\":\"Privacy Policy - GS Packaging\",\"isPartOf\":{\"@id\":\"https:\/\/www.gorselsanatlar.com.tr\/tr\/#website\"},\"datePublished\":\"2025-07-28T09:04:43+00:00\",\"dateModified\":\"2025-09-09T06:10:59+00:00\",\"breadcrumb\":{\"@id\":\"https:\/\/www.gorselsanatlar.com.tr\/privacy-policy\/#breadcrumb\"},\"inLanguage\":\"tr\",\"potentialAction\":[{\"@type\":\"ReadAction\",\"target\":[\"https:\/\/www.gorselsanatlar.com.tr\/privacy-policy\/\"]}]},{\"@type\":\"BreadcrumbList\",\"@id\":\"https:\/\/www.gorselsanatlar.com.tr\/privacy-policy\/#breadcrumb\",\"itemListElement\":[{\"@type\":\"ListItem\",\"position\":1,\"name\":\"Home\",\"item\":\"https:\/\/www.gorselsanatlar.com.tr\/\"},{\"@type\":\"ListItem\",\"position\":2,\"name\":\"Privacy Policy\"}]},{\"@type\":\"WebSite\",\"@id\":\"https:\/\/www.gorselsanatlar.com.tr\/tr\/#website\",\"url\":\"https:\/\/www.gorselsanatlar.com.tr\/tr\/\",\"name\":\"GS Packaging\",\"description\":\"\",\"publisher\":{\"@id\":\"https:\/\/www.gorselsanatlar.com.tr\/tr\/#organization\"},\"potentialAction\":[{\"@type\":\"SearchAction\",\"target\":{\"@type\":\"EntryPoint\",\"urlTemplate\":\"https:\/\/www.gorselsanatlar.com.tr\/tr\/?s={search_term_string}\"},\"query-input\":{\"@type\":\"PropertyValueSpecification\",\"valueRequired\":true,\"valueName\":\"search_term_string\"}}],\"inLanguage\":\"tr\"},{\"@type\":\"Organization\",\"@id\":\"https:\/\/www.gorselsanatlar.com.tr\/tr\/#organization\",\"name\":\"GS Packaging\",\"url\":\"https:\/\/www.gorselsanatlar.com.tr\/tr\/\",\"logo\":{\"@type\":\"ImageObject\",\"inLanguage\":\"tr\",\"@id\":\"https:\/\/www.gorselsanatlar.com.tr\/tr\/#\/schema\/logo\/image\/\",\"url\":\"https:\/\/www.gorselsanatlar.com.tr\/wp-content\/uploads\/2025\/09\/GSP-logo.webp\",\"contentUrl\":\"https:\/\/www.gorselsanatlar.com.tr\/wp-content\/uploads\/2025\/09\/GSP-logo.webp\",\"width\":689,\"height\":169,\"caption\":\"GS Packaging\"},\"image\":{\"@id\":\"https:\/\/www.gorselsanatlar.com.tr\/tr\/#\/schema\/logo\/image\/\"}}]}<\/script>\n<!-- \/ Yoast SEO plugin. -->","yoast_head_json":{"title":"Privacy Policy - GS Packaging","robots":{"index":"index","follow":"follow","max-snippet":"max-snippet:-1","max-image-preview":"max-image-preview:large","max-video-preview":"max-video-preview:-1"},"canonical":"https:\/\/www.gorselsanatlar.com.tr\/tr\/privacy-policy\/","og_locale":"tr_TR","og_type":"article","og_title":"Privacy Policy - GS Packaging","og_description":"Privacy Policy WEBSITE PRIVACY AGREEMENT \u00a0 The way in which the information we obtain regarding you and the services you request will be used and protected during your visit to this website and your use of the services we provide through this site is subject to the conditions set forth in this \u201cPrivacy Policy\u201d. By [&hellip;]","og_url":"https:\/\/www.gorselsanatlar.com.tr\/tr\/privacy-policy\/","og_site_name":"GS Packaging","article_modified_time":"2025-09-09T06:10:59+00:00","twitter_card":"summary_large_image","twitter_misc":{"Tahmini okuma s\u00fcresi":"3 dakika"},"schema":{"@context":"https:\/\/schema.org","@graph":[{"@type":"WebPage","@id":"https:\/\/www.gorselsanatlar.com.tr\/privacy-policy\/","url":"https:\/\/www.gorselsanatlar.com.tr\/privacy-policy\/","name":"Privacy Policy - GS Packaging","isPartOf":{"@id":"https:\/\/www.gorselsanatlar.com.tr\/tr\/#website"},"datePublished":"2025-07-28T09:04:43+00:00","dateModified":"2025-09-09T06:10:59+00:00","breadcrumb":{"@id":"https:\/\/www.gorselsanatlar.com.tr\/privacy-policy\/#breadcrumb"},"inLanguage":"tr","potentialAction":[{"@type":"ReadAction","target":["https:\/\/www.gorselsanatlar.com.tr\/privacy-policy\/"]}]},{"@type":"BreadcrumbList","@id":"https:\/\/www.gorselsanatlar.com.tr\/privacy-policy\/#breadcrumb","itemListElement":[{"@type":"ListItem","position":1,"name":"Home","item":"https:\/\/www.gorselsanatlar.com.tr\/"},{"@type":"ListItem","position":2,"name":"Privacy Policy"}]},{"@type":"WebSite","@id":"https:\/\/www.gorselsanatlar.com.tr\/tr\/#website","url":"https:\/\/www.gorselsanatlar.com.tr\/tr\/","name":"GS Packaging","description":"","publisher":{"@id":"https:\/\/www.gorselsanatlar.com.tr\/tr\/#organization"},"potentialAction":[{"@type":"SearchAction","target":{"@type":"EntryPoint","urlTemplate":"https:\/\/www.gorselsanatlar.com.tr\/tr\/?s={search_term_string}"},"query-input":{"@type":"PropertyValueSpecification","valueRequired":true,"valueName":"search_term_string"}}],"inLanguage":"tr"},{"@type":"Organization","@id":"https:\/\/www.gorselsanatlar.com.tr\/tr\/#organization","name":"GS Packaging","url":"https:\/\/www.gorselsanatlar.com.tr\/tr\/","logo":{"@type":"ImageObject","inLanguage":"tr","@id":"https:\/\/www.gorselsanatlar.com.tr\/tr\/#\/schema\/logo\/image\/","url":"https:\/\/www.gorselsanatlar.com.tr\/wp-content\/uploads\/2025\/09\/GSP-logo.webp","contentUrl":"https:\/\/www.gorselsanatlar.com.tr\/wp-content\/uploads\/2025\/09\/GSP-logo.webp","width":689,"height":169,"caption":"GS Packaging"},"image":{"@id":"https:\/\/www.gorselsanatlar.com.tr\/tr\/#\/schema\/logo\/image\/"}}]}},"_links":{"self":[{"href":"https:\/\/www.gorselsanatlar.com.tr\/tr\/wp-json\/wp\/v2\/pages\/3","targetHints":{"allow":["GET"]}}],"collection":[{"href":"https:\/\/www.gorselsanatlar.com.tr\/tr\/wp-json\/wp\/v2\/pages"}],"about":[{"href":"https:\/\/www.gorselsanatlar.com.tr\/tr\/wp-json\/wp\/v2\/types\/page"}],"author":[{"embeddable":true,"href":"https:\/\/www.gorselsanatlar.com.tr\/tr\/wp-json\/wp\/v2\/users\/1"}],"replies":[{"embeddable":true,"href":"https:\/\/www.gorselsanatlar.com.tr\/tr\/wp-json\/wp\/v2\/comments?post=3"}],"version-history":[{"count":6,"href":"https:\/\/www.gorselsanatlar.com.tr\/tr\/wp-json\/wp\/v2\/pages\/3\/revisions"}],"predecessor-version":[{"id":12872,"href":"https:\/\/www.gorselsanatlar.com.tr\/tr\/wp-json\/wp\/v2\/pages\/3\/revisions\/12872"}],"wp:attachment":[{"href":"https:\/\/www.gorselsanatlar.com.tr\/tr\/wp-json\/wp\/v2\/media?parent=3"}],"curies":[{"name":"wp","href":"https:\/\/api.w.org\/{rel}","templated":true}]}}