{"id":3632,"date":"2024-03-28T05:59:40","date_gmt":"2024-03-28T05:59:40","guid":{"rendered":"https:\/\/wp.ditsolution.net\/echofy-multi\/?page_id=3632"},"modified":"2025-10-13T06:35:35","modified_gmt":"2025-10-13T10:35:35","slug":"food","status":"publish","type":"page","link":"https:\/\/www.gorselsanatlar.com.tr\/tr\/food\/","title":{"rendered":"G\u0131da"},"content":{"rendered":"<div data-elementor-type=\"wp-page\" data-elementor-id=\"3632\" class=\"elementor elementor-3632\" data-elementor-post-type=\"page\">\n\t\t\t\t\t\t<section class=\"elementor-section elementor-top-section elementor-element elementor-element-b859af2 elementor-section-full_width elementor-section-height-default elementor-section-height-default\" data-id=\"b859af2\" data-element_type=\"section\">\n\t\t\t\t\t\t<div class=\"elementor-container elementor-column-gap-no\">\n\t\t\t\t\t<div class=\"elementor-column elementor-col-100 elementor-top-column elementor-element elementor-element-83d2857\" data-id=\"83d2857\" data-element_type=\"column\">\n\t\t\t<div class=\"elementor-widget-wrap\">\n\t\t\t\t\t\t\t<\/div>\n\t\t<\/div>\n\t\t\t\t\t<\/div>\n\t\t<\/section>\n\t\t<div class=\"elementor-element elementor-element-0477563 e-flex e-con-boxed e-con e-parent\" data-id=\"0477563\" data-element_type=\"container\">\n\t\t\t\t\t<div class=\"e-con-inner\">\n\t\t\t\t<div class=\"elementor-element elementor-element-032802c elementor-widget elementor-widget-hfe-breadcrumbs-widget\" data-id=\"032802c\" data-element_type=\"widget\" data-widget_type=\"hfe-breadcrumbs-widget.default\">\n\t\t\t\t<div class=\"elementor-widget-container\">\n\t\t\t\t\t<nav aria-label=\"Breadcrumb\"><ul class=\"hfe-breadcrumbs hfe-breadcrumbs-show-home\"><li class=\"hfe-breadcrumbs-item hfe-breadcrumbs-first\"><span class=\"hfe-breadcrumbs-home-icon\"><svg aria-hidden=\"true\" class=\"e-font-icon-svg e-fas-home\" viewbox=\"0 0 576 512\" xmlns=\"http:\/\/www.w3.org\/2000\/svg\"><path d=\"M280.37 148.26L96 300.11V464a16 16 0 0 0 16 16l112.06-.29a16 16 0 0 0 15.92-16V368a16 16 0 0 1 16-16h64a16 16 0 0 1 16 16v95.64a16 16 0 0 0 16 16.05L464 480a16 16 0 0 0 16-16V300L295.67 148.26a12.19 12.19 0 0 0-15.3 0zM571.6 251.47L488 182.56V44.05a12 12 0 0 0-12-12h-56a12 12 0 0 0-12 12v72.61L318.47 43a48 48 0 0 0-61 0L4.34 251.47a12 12 0 0 0-1.6 16.9l25.5 31A12 12 0 0 0 45.15 301l235.22-193.74a12.19 12.19 0 0 1 15.3 0L530.9 301a12 12 0 0 0 16.9-1.6l25.5-31a12 12 0 0 0-1.7-16.93z\"><\/path><\/svg><\/span><a href=\"https:\/\/www.gorselsanatlar.com.tr\/tr\"><span class=\"hfe-breadcrumbs-text\">Anasayfa<\/span><\/a><\/li><\/ul><\/nav>\t\t\t\t<\/div>\n\t\t\t\t<\/div>\n\t\t\t\t\t<\/div>\n\t\t\t\t<\/div>\n\t\t<div class=\"elementor-element elementor-element-36b03dc e-flex e-con-boxed e-con e-parent\" data-id=\"36b03dc\" data-element_type=\"container\">\n\t\t\t\t\t<div class=\"e-con-inner\">\n\t\t\t\t<div class=\"elementor-element elementor-element-16dabf9 elementor-widget elementor-widget-image-gallery\" data-id=\"16dabf9\" data-element_type=\"widget\" data-widget_type=\"image-gallery.default\">\n\t\t\t\t\t\t\t<div class=\"elementor-image-gallery\">\n\t\t\t<div id='gallery-1' class='gallery galleryid-3632 gallery-columns-3 gallery-size-echofy-team'><figure class='gallery-item'>\n\t\t\t<div class='gallery-icon landscape'>\n\t\t\t\t<a data-elementor-open-lightbox=\"yes\" data-elementor-lightbox-slideshow=\"16dabf9\" data-elementor-lightbox-title=\"Gida-20\" data-e-action-hash=\"#elementor-action%3Aaction%3Dlightbox%26settings%3DeyJpZCI6MTI5NTQsInVybCI6Imh0dHBzOlwvXC93d3cuZ29yc2Vsc2FuYXRsYXIuY29tLnRyXC93cC1jb250ZW50XC91cGxvYWRzXC8yMDI1XC8wOVwvR2lkYS0yMC5qcGciLCJzbGlkZXNob3ciOiIxNmRhYmY5In0%3D\" href='https:\/\/www.gorselsanatlar.com.tr\/wp-content\/uploads\/2025\/09\/Gida-20.jpg'><img fetchpriority=\"high\" decoding=\"async\" width=\"450\" height=\"450\" src=\"https:\/\/www.gorselsanatlar.com.tr\/wp-content\/uploads\/2025\/09\/Gida-20-450x450.jpg\" class=\"attachment-echofy-team size-echofy-team\" alt=\"\" srcset=\"https:\/\/www.gorselsanatlar.com.tr\/wp-content\/uploads\/2025\/09\/Gida-20-450x450.jpg 450w, https:\/\/www.gorselsanatlar.com.tr\/wp-content\/uploads\/2025\/09\/Gida-20-300x300.jpg 300w, https:\/\/www.gorselsanatlar.com.tr\/wp-content\/uploads\/2025\/09\/Gida-20-150x150.jpg 150w, https:\/\/www.gorselsanatlar.com.tr\/wp-content\/uploads\/2025\/09\/Gida-20-106x106.jpg 106w, https:\/\/www.gorselsanatlar.com.tr\/wp-content\/uploads\/2025\/09\/Gida-20-80x80.jpg 80w, https:\/\/www.gorselsanatlar.com.tr\/wp-content\/uploads\/2025\/09\/Gida-20.jpg 500w\" sizes=\"(max-width: 450px) 100vw, 450px\" \/><\/a>\n\t\t\t<\/div><\/figure><figure class='gallery-item'>\n\t\t\t<div class='gallery-icon landscape'>\n\t\t\t\t<a data-elementor-open-lightbox=\"yes\" data-elementor-lightbox-slideshow=\"16dabf9\" data-elementor-lightbox-title=\"Gida-17\" data-e-action-hash=\"#elementor-action%3Aaction%3Dlightbox%26settings%3DeyJpZCI6MTI5NTMsInVybCI6Imh0dHBzOlwvXC93d3cuZ29yc2Vsc2FuYXRsYXIuY29tLnRyXC93cC1jb250ZW50XC91cGxvYWRzXC8yMDI1XC8wOVwvR2lkYS0xNy5qcGciLCJzbGlkZXNob3ciOiIxNmRhYmY5In0%3D\" href='https:\/\/www.gorselsanatlar.com.tr\/wp-content\/uploads\/2025\/09\/Gida-17.jpg'><img decoding=\"async\" width=\"450\" height=\"450\" src=\"https:\/\/www.gorselsanatlar.com.tr\/wp-content\/uploads\/2025\/09\/Gida-17-450x450.jpg\" class=\"attachment-echofy-team size-echofy-team\" alt=\"\" srcset=\"https:\/\/www.gorselsanatlar.com.tr\/wp-content\/uploads\/2025\/09\/Gida-17-450x450.jpg 450w, https:\/\/www.gorselsanatlar.com.tr\/wp-content\/uploads\/2025\/09\/Gida-17-300x300.jpg 300w, https:\/\/www.gorselsanatlar.com.tr\/wp-content\/uploads\/2025\/09\/Gida-17-150x150.jpg 150w, https:\/\/www.gorselsanatlar.com.tr\/wp-content\/uploads\/2025\/09\/Gida-17-106x106.jpg 106w, https:\/\/www.gorselsanatlar.com.tr\/wp-content\/uploads\/2025\/09\/Gida-17-80x80.jpg 80w, https:\/\/www.gorselsanatlar.com.tr\/wp-content\/uploads\/2025\/09\/Gida-17.jpg 500w\" sizes=\"(max-width: 450px) 100vw, 450px\" \/><\/a>\n\t\t\t<\/div><\/figure><figure class='gallery-item'>\n\t\t\t<div class='gallery-icon landscape'>\n\t\t\t\t<a data-elementor-open-lightbox=\"yes\" data-elementor-lightbox-slideshow=\"16dabf9\" data-elementor-lightbox-title=\"Gida-3\" data-e-action-hash=\"#elementor-action%3Aaction%3Dlightbox%26settings%3DeyJpZCI6MTI5NTIsInVybCI6Imh0dHBzOlwvXC93d3cuZ29yc2Vsc2FuYXRsYXIuY29tLnRyXC93cC1jb250ZW50XC91cGxvYWRzXC8yMDI1XC8wOVwvR2lkYS0zLmpwZyIsInNsaWRlc2hvdyI6IjE2ZGFiZjkifQ%3D%3D\" href='https:\/\/www.gorselsanatlar.com.tr\/wp-content\/uploads\/2025\/09\/Gida-3.jpg'><img decoding=\"async\" width=\"450\" height=\"450\" src=\"https:\/\/www.gorselsanatlar.com.tr\/wp-content\/uploads\/2025\/09\/Gida-3-450x450.jpg\" class=\"attachment-echofy-team size-echofy-team\" alt=\"\" srcset=\"https:\/\/www.gorselsanatlar.com.tr\/wp-content\/uploads\/2025\/09\/Gida-3-450x450.jpg 450w, https:\/\/www.gorselsanatlar.com.tr\/wp-content\/uploads\/2025\/09\/Gida-3-300x300.jpg 300w, https:\/\/www.gorselsanatlar.com.tr\/wp-content\/uploads\/2025\/09\/Gida-3-150x150.jpg 150w, https:\/\/www.gorselsanatlar.com.tr\/wp-content\/uploads\/2025\/09\/Gida-3-106x106.jpg 106w, https:\/\/www.gorselsanatlar.com.tr\/wp-content\/uploads\/2025\/09\/Gida-3-80x80.jpg 80w, https:\/\/www.gorselsanatlar.com.tr\/wp-content\/uploads\/2025\/09\/Gida-3.jpg 500w\" sizes=\"(max-width: 450px) 100vw, 450px\" \/><\/a>\n\t\t\t<\/div><\/figure><figure class='gallery-item'>\n\t\t\t<div class='gallery-icon landscape'>\n\t\t\t\t<a data-elementor-open-lightbox=\"yes\" data-elementor-lightbox-slideshow=\"16dabf9\" data-elementor-lightbox-title=\"DSC2525\" data-e-action-hash=\"#elementor-action%3Aaction%3Dlightbox%26settings%3DeyJpZCI6MTI5NTEsInVybCI6Imh0dHBzOlwvXC93d3cuZ29yc2Vsc2FuYXRsYXIuY29tLnRyXC93cC1jb250ZW50XC91cGxvYWRzXC8yMDI1XC8wOVwvRFNDMjUyNS5qcGciLCJzbGlkZXNob3ciOiIxNmRhYmY5In0%3D\" href='https:\/\/www.gorselsanatlar.com.tr\/wp-content\/uploads\/2025\/09\/DSC2525.jpg'><img loading=\"lazy\" decoding=\"async\" width=\"450\" height=\"450\" src=\"https:\/\/www.gorselsanatlar.com.tr\/wp-content\/uploads\/2025\/09\/DSC2525-450x450.jpg\" class=\"attachment-echofy-team size-echofy-team\" alt=\"\" srcset=\"https:\/\/www.gorselsanatlar.com.tr\/wp-content\/uploads\/2025\/09\/DSC2525-450x450.jpg 450w, https:\/\/www.gorselsanatlar.com.tr\/wp-content\/uploads\/2025\/09\/DSC2525-300x300.jpg 300w, https:\/\/www.gorselsanatlar.com.tr\/wp-content\/uploads\/2025\/09\/DSC2525-150x150.jpg 150w, https:\/\/www.gorselsanatlar.com.tr\/wp-content\/uploads\/2025\/09\/DSC2525-106x106.jpg 106w, https:\/\/www.gorselsanatlar.com.tr\/wp-content\/uploads\/2025\/09\/DSC2525-560x560.jpg 560w, https:\/\/www.gorselsanatlar.com.tr\/wp-content\/uploads\/2025\/09\/DSC2525-80x80.jpg 80w, https:\/\/www.gorselsanatlar.com.tr\/wp-content\/uploads\/2025\/09\/DSC2525.jpg 600w\" sizes=\"(max-width: 450px) 100vw, 450px\" \/><\/a>\n\t\t\t<\/div><\/figure><figure class='gallery-item'>\n\t\t\t<div class='gallery-icon portrait'>\n\t\t\t\t<a data-elementor-open-lightbox=\"yes\" data-elementor-lightbox-slideshow=\"16dabf9\" data-elementor-lightbox-title=\"ALT_9915\" data-e-action-hash=\"#elementor-action%3Aaction%3Dlightbox%26settings%3DeyJpZCI6MTI5NTAsInVybCI6Imh0dHBzOlwvXC93d3cuZ29yc2Vsc2FuYXRsYXIuY29tLnRyXC93cC1jb250ZW50XC91cGxvYWRzXC8yMDI1XC8wOVwvQUxUXzk5MTUuanBnIiwic2xpZGVzaG93IjoiMTZkYWJmOSJ9\" href='https:\/\/www.gorselsanatlar.com.tr\/wp-content\/uploads\/2025\/09\/ALT_9915.jpg'><img loading=\"lazy\" decoding=\"async\" width=\"450\" height=\"450\" src=\"https:\/\/www.gorselsanatlar.com.tr\/wp-content\/uploads\/2025\/09\/ALT_9915-450x450.jpg\" class=\"attachment-echofy-team size-echofy-team\" alt=\"\" srcset=\"https:\/\/www.gorselsanatlar.com.tr\/wp-content\/uploads\/2025\/09\/ALT_9915-450x450.jpg 450w, https:\/\/www.gorselsanatlar.com.tr\/wp-content\/uploads\/2025\/09\/ALT_9915-300x300.jpg 300w, https:\/\/www.gorselsanatlar.com.tr\/wp-content\/uploads\/2025\/09\/ALT_9915-150x150.jpg 150w, https:\/\/www.gorselsanatlar.com.tr\/wp-content\/uploads\/2025\/09\/ALT_9915-106x106.jpg 106w, https:\/\/www.gorselsanatlar.com.tr\/wp-content\/uploads\/2025\/09\/ALT_9915-560x560.jpg 560w, https:\/\/www.gorselsanatlar.com.tr\/wp-content\/uploads\/2025\/09\/ALT_9915-80x80.jpg 80w, https:\/\/www.gorselsanatlar.com.tr\/wp-content\/uploads\/2025\/09\/ALT_9915.jpg 600w\" sizes=\"(max-width: 450px) 100vw, 450px\" \/><\/a>\n\t\t\t<\/div><\/figure><figure class='gallery-item'>\n\t\t\t<div class='gallery-icon landscape'>\n\t\t\t\t<a data-elementor-open-lightbox=\"yes\" data-elementor-lightbox-slideshow=\"16dabf9\" data-elementor-lightbox-title=\"ALT_0079\" data-e-action-hash=\"#elementor-action%3Aaction%3Dlightbox%26settings%3DeyJpZCI6MTI5NDksInVybCI6Imh0dHBzOlwvXC93d3cuZ29yc2Vsc2FuYXRsYXIuY29tLnRyXC93cC1jb250ZW50XC91cGxvYWRzXC8yMDI1XC8wOVwvQUxUXzAwNzkuanBnIiwic2xpZGVzaG93IjoiMTZkYWJmOSJ9\" href='https:\/\/www.gorselsanatlar.com.tr\/wp-content\/uploads\/2025\/09\/ALT_0079.jpg'><img loading=\"lazy\" decoding=\"async\" width=\"450\" height=\"450\" src=\"https:\/\/www.gorselsanatlar.com.tr\/wp-content\/uploads\/2025\/09\/ALT_0079-450x450.jpg\" class=\"attachment-echofy-team size-echofy-team\" alt=\"\" srcset=\"https:\/\/www.gorselsanatlar.com.tr\/wp-content\/uploads\/2025\/09\/ALT_0079-450x450.jpg 450w, https:\/\/www.gorselsanatlar.com.tr\/wp-content\/uploads\/2025\/09\/ALT_0079-300x300.jpg 300w, https:\/\/www.gorselsanatlar.com.tr\/wp-content\/uploads\/2025\/09\/ALT_0079-150x150.jpg 150w, https:\/\/www.gorselsanatlar.com.tr\/wp-content\/uploads\/2025\/09\/ALT_0079-106x106.jpg 106w, https:\/\/www.gorselsanatlar.com.tr\/wp-content\/uploads\/2025\/09\/ALT_0079-560x560.jpg 560w, https:\/\/www.gorselsanatlar.com.tr\/wp-content\/uploads\/2025\/09\/ALT_0079-80x80.jpg 80w, https:\/\/www.gorselsanatlar.com.tr\/wp-content\/uploads\/2025\/09\/ALT_0079.jpg 600w\" sizes=\"(max-width: 450px) 100vw, 450px\" \/><\/a>\n\t\t\t<\/div><\/figure>\n\t\t<\/div>\n\t\t<\/div>\n\t\t\t\t\t\t<\/div>\n\t\t\t\t\t<\/div>\n\t\t\t\t<\/div>\n\t\t<div class=\"elementor-element elementor-element-5f1e63c e-flex e-con-boxed e-con e-parent\" data-id=\"5f1e63c\" data-element_type=\"container\">\n\t\t\t\t\t<div class=\"e-con-inner\">\n\t\t\t\t<div class=\"elementor-element elementor-element-2760224 elementor-widget-divider--view-line elementor-widget elementor-widget-divider\" data-id=\"2760224\" data-element_type=\"widget\" data-widget_type=\"divider.default\">\n\t\t\t\t\t\t\t<div class=\"elementor-divider\">\n\t\t\t<span class=\"elementor-divider-separator\">\n\t\t\t\t\t\t<\/span>\n\t\t<\/div>\n\t\t\t\t\t\t<\/div>\n\t\t\t\t\t<\/div>\n\t\t\t\t<\/div>\n\t\t<div class=\"elementor-element elementor-element-a4603ae e-flex e-con-boxed e-con e-parent\" data-id=\"a4603ae\" data-element_type=\"container\">\n\t\t\t\t\t<div class=\"e-con-inner\">\n\t\t\t\t<div class=\"elementor-element elementor-element-318bcc1 elementor-widget elementor-widget-heading\" data-id=\"318bcc1\" data-element_type=\"widget\" data-widget_type=\"heading.default\">\n\t\t\t\t\t<h2 class=\"elementor-heading-title elementor-size-default\">SERT\u0130F\u0130KALARIMIZ<\/h2>\t\t\t\t<\/div>\n\t\t\t\t\t<\/div>\n\t\t\t\t<\/div>\n\t\t<div class=\"elementor-element elementor-element-871270c e-flex e-con-boxed e-con e-parent\" data-id=\"871270c\" data-element_type=\"container\">\n\t\t\t\t\t<div class=\"e-con-inner\">\n\t\t\t\t<div class=\"elementor-element elementor-element-ec9acfb elementor-widget elementor-widget-text-editor\" data-id=\"ec9acfb\" data-element_type=\"widget\" data-widget_type=\"text-editor.default\">\n\t\t\t\t\t\t\t\t\t<p>G\u00f6rsel Sanatlar Ambalaj olarak m\u00fc\u015fterilerimize \u00e7evre dostu sertifikal\u0131 ambalaj se\u00e7enekleri sunuyor ve ambalajlar\u0131n\u0131 marka de\u011ferleriyle uyumlu olacak \u015fekilde optimize etmelerine yard\u0131mc\u0131 oluyoruz.<\/p>\t\t\t\t\t\t\t\t<\/div>\n\t\t\t\t\t<\/div>\n\t\t\t\t<\/div>\n\t\t<div class=\"elementor-element elementor-element-71d31f6 e-flex e-con-boxed e-con e-parent\" data-id=\"71d31f6\" data-element_type=\"container\">\n\t\t\t\t\t<div class=\"e-con-inner\">\n\t\t\t\t<div class=\"elementor-element elementor-element-9fe97a6 elementor-widget elementor-widget-image\" data-id=\"9fe97a6\" data-element_type=\"widget\" data-widget_type=\"image.default\">\n\t\t\t\t\t\t\t\t\t\t\t\t\t\t\t<img loading=\"lazy\" decoding=\"async\" width=\"1024\" height=\"121\" src=\"https:\/\/www.gorselsanatlar.com.tr\/wp-content\/uploads\/2025\/10\/belgelogolari-1024x121.webp\" class=\"attachment-large size-large wp-image-14145\" alt=\"\" srcset=\"https:\/\/www.gorselsanatlar.com.tr\/wp-content\/uploads\/2025\/10\/belgelogolari-1024x121.webp 1024w, https:\/\/www.gorselsanatlar.com.tr\/wp-content\/uploads\/2025\/10\/belgelogolari-300x35.webp 300w, https:\/\/www.gorselsanatlar.com.tr\/wp-content\/uploads\/2025\/10\/belgelogolari-768x91.webp 768w, https:\/\/www.gorselsanatlar.com.tr\/wp-content\/uploads\/2025\/10\/belgelogolari-1536x182.webp 1536w, https:\/\/www.gorselsanatlar.com.tr\/wp-content\/uploads\/2025\/10\/belgelogolari-18x2.webp 18w, https:\/\/www.gorselsanatlar.com.tr\/wp-content\/uploads\/2025\/10\/belgelogolari.webp 1631w\" sizes=\"(max-width: 1024px) 100vw, 1024px\" \/>\t\t\t\t\t\t\t\t\t\t\t\t\t\t\t<\/div>\n\t\t\t\t\t<\/div>\n\t\t\t\t<\/div>\n\t\t\t\t<\/div>","protected":false},"excerpt":{"rendered":"<p>Home OUR CERTIFICATES As GS Packaging customers, you always have a choice to prefer eco-friendly solutions. We offer certified packaging options and help our customers optimize their packaging requirements to align with their brand values.<\/p>","protected":false},"author":1,"featured_media":0,"parent":0,"menu_order":0,"comment_status":"closed","ping_status":"closed","template":"page-templates\/template-default.php","meta":{"footnotes":""},"class_list":["post-3632","page","type-page","status-publish","hentry"],"yoast_head":"<!-- This site is optimized with the Yoast SEO plugin v25.9 - https:\/\/yoast.com\/wordpress\/plugins\/seo\/ -->\n<title>Food - GS Packaging<\/title>\n<meta name=\"robots\" content=\"index, follow, max-snippet:-1, max-image-preview:large, max-video-preview:-1\" \/>\n<link rel=\"canonical\" href=\"https:\/\/www.gorselsanatlar.com.tr\/tr\/food\/\" \/>\n<meta property=\"og:locale\" content=\"tr_TR\" \/>\n<meta property=\"og:type\" content=\"article\" \/>\n<meta property=\"og:title\" content=\"Food - GS Packaging\" \/>\n<meta property=\"og:description\" content=\"Home OUR CERTIFICATES As GS Packaging customers, you always have a choice to prefer eco-friendly solutions. We offer certified packaging options and help our customers optimize their packaging requirements to align with their brand values.\" \/>\n<meta property=\"og:url\" content=\"https:\/\/www.gorselsanatlar.com.tr\/tr\/food\/\" \/>\n<meta property=\"og:site_name\" content=\"GS Packaging\" \/>\n<meta property=\"article:modified_time\" content=\"2025-10-13T10:35:35+00:00\" \/>\n<meta property=\"og:image\" content=\"https:\/\/www.gorselsanatlar.com.tr\/wp-content\/uploads\/2025\/09\/Gida-20-450x450.jpg\" \/>\n<meta name=\"twitter:card\" content=\"summary_large_image\" \/>\n<meta name=\"twitter:label1\" content=\"Tahmini okuma s\u00fcresi\" \/>\n\t<meta name=\"twitter:data1\" content=\"1 dakika\" \/>\n<script type=\"application\/ld+json\" class=\"yoast-schema-graph\">{\"@context\":\"https:\/\/schema.org\",\"@graph\":[{\"@type\":\"WebPage\",\"@id\":\"https:\/\/www.gorselsanatlar.com.tr\/food\/\",\"url\":\"https:\/\/www.gorselsanatlar.com.tr\/food\/\",\"name\":\"Food - GS Packaging\",\"isPartOf\":{\"@id\":\"https:\/\/www.gorselsanatlar.com.tr\/tr\/#website\"},\"primaryImageOfPage\":{\"@id\":\"https:\/\/www.gorselsanatlar.com.tr\/food\/#primaryimage\"},\"image\":{\"@id\":\"https:\/\/www.gorselsanatlar.com.tr\/food\/#primaryimage\"},\"thumbnailUrl\":\"https:\/\/www.gorselsanatlar.com.tr\/wp-content\/uploads\/2025\/09\/Gida-20-450x450.jpg\",\"datePublished\":\"2024-03-28T05:59:40+00:00\",\"dateModified\":\"2025-10-13T10:35:35+00:00\",\"breadcrumb\":{\"@id\":\"https:\/\/www.gorselsanatlar.com.tr\/food\/#breadcrumb\"},\"inLanguage\":\"tr\",\"potentialAction\":[{\"@type\":\"ReadAction\",\"target\":[\"https:\/\/www.gorselsanatlar.com.tr\/food\/\"]}]},{\"@type\":\"ImageObject\",\"inLanguage\":\"tr\",\"@id\":\"https:\/\/www.gorselsanatlar.com.tr\/food\/#primaryimage\",\"url\":\"https:\/\/www.gorselsanatlar.com.tr\/wp-content\/uploads\/2025\/09\/Gida-20-450x450.jpg\",\"contentUrl\":\"https:\/\/www.gorselsanatlar.com.tr\/wp-content\/uploads\/2025\/09\/Gida-20-450x450.jpg\"},{\"@type\":\"BreadcrumbList\",\"@id\":\"https:\/\/www.gorselsanatlar.com.tr\/food\/#breadcrumb\",\"itemListElement\":[{\"@type\":\"ListItem\",\"position\":1,\"name\":\"Home\",\"item\":\"https:\/\/www.gorselsanatlar.com.tr\/\"},{\"@type\":\"ListItem\",\"position\":2,\"name\":\"Food\"}]},{\"@type\":\"WebSite\",\"@id\":\"https:\/\/www.gorselsanatlar.com.tr\/tr\/#website\",\"url\":\"https:\/\/www.gorselsanatlar.com.tr\/tr\/\",\"name\":\"GS Packaging\",\"description\":\"\",\"publisher\":{\"@id\":\"https:\/\/www.gorselsanatlar.com.tr\/tr\/#organization\"},\"potentialAction\":[{\"@type\":\"SearchAction\",\"target\":{\"@type\":\"EntryPoint\",\"urlTemplate\":\"https:\/\/www.gorselsanatlar.com.tr\/tr\/?s={search_term_string}\"},\"query-input\":{\"@type\":\"PropertyValueSpecification\",\"valueRequired\":true,\"valueName\":\"search_term_string\"}}],\"inLanguage\":\"tr\"},{\"@type\":\"Organization\",\"@id\":\"https:\/\/www.gorselsanatlar.com.tr\/tr\/#organization\",\"name\":\"GS Packaging\",\"url\":\"https:\/\/www.gorselsanatlar.com.tr\/tr\/\",\"logo\":{\"@type\":\"ImageObject\",\"inLanguage\":\"tr\",\"@id\":\"https:\/\/www.gorselsanatlar.com.tr\/tr\/#\/schema\/logo\/image\/\",\"url\":\"https:\/\/www.gorselsanatlar.com.tr\/wp-content\/uploads\/2025\/09\/GSP-logo.webp\",\"contentUrl\":\"https:\/\/www.gorselsanatlar.com.tr\/wp-content\/uploads\/2025\/09\/GSP-logo.webp\",\"width\":689,\"height\":169,\"caption\":\"GS Packaging\"},\"image\":{\"@id\":\"https:\/\/www.gorselsanatlar.com.tr\/tr\/#\/schema\/logo\/image\/\"}}]}<\/script>\n<!-- \/ Yoast SEO plugin. -->","yoast_head_json":{"title":"Food - GS Packaging","robots":{"index":"index","follow":"follow","max-snippet":"max-snippet:-1","max-image-preview":"max-image-preview:large","max-video-preview":"max-video-preview:-1"},"canonical":"https:\/\/www.gorselsanatlar.com.tr\/tr\/food\/","og_locale":"tr_TR","og_type":"article","og_title":"Food - GS Packaging","og_description":"Home OUR CERTIFICATES As GS Packaging customers, you always have a choice to prefer eco-friendly solutions. We offer certified packaging options and help our customers optimize their packaging requirements to align with their brand values.","og_url":"https:\/\/www.gorselsanatlar.com.tr\/tr\/food\/","og_site_name":"GS Packaging","article_modified_time":"2025-10-13T10:35:35+00:00","og_image":[{"url":"https:\/\/www.gorselsanatlar.com.tr\/wp-content\/uploads\/2025\/09\/Gida-20-450x450.jpg","type":"","width":"","height":""}],"twitter_card":"summary_large_image","twitter_misc":{"Tahmini okuma s\u00fcresi":"1 dakika"},"schema":{"@context":"https:\/\/schema.org","@graph":[{"@type":"WebPage","@id":"https:\/\/www.gorselsanatlar.com.tr\/food\/","url":"https:\/\/www.gorselsanatlar.com.tr\/food\/","name":"Food - GS Packaging","isPartOf":{"@id":"https:\/\/www.gorselsanatlar.com.tr\/tr\/#website"},"primaryImageOfPage":{"@id":"https:\/\/www.gorselsanatlar.com.tr\/food\/#primaryimage"},"image":{"@id":"https:\/\/www.gorselsanatlar.com.tr\/food\/#primaryimage"},"thumbnailUrl":"https:\/\/www.gorselsanatlar.com.tr\/wp-content\/uploads\/2025\/09\/Gida-20-450x450.jpg","datePublished":"2024-03-28T05:59:40+00:00","dateModified":"2025-10-13T10:35:35+00:00","breadcrumb":{"@id":"https:\/\/www.gorselsanatlar.com.tr\/food\/#breadcrumb"},"inLanguage":"tr","potentialAction":[{"@type":"ReadAction","target":["https:\/\/www.gorselsanatlar.com.tr\/food\/"]}]},{"@type":"ImageObject","inLanguage":"tr","@id":"https:\/\/www.gorselsanatlar.com.tr\/food\/#primaryimage","url":"https:\/\/www.gorselsanatlar.com.tr\/wp-content\/uploads\/2025\/09\/Gida-20-450x450.jpg","contentUrl":"https:\/\/www.gorselsanatlar.com.tr\/wp-content\/uploads\/2025\/09\/Gida-20-450x450.jpg"},{"@type":"BreadcrumbList","@id":"https:\/\/www.gorselsanatlar.com.tr\/food\/#breadcrumb","itemListElement":[{"@type":"ListItem","position":1,"name":"Home","item":"https:\/\/www.gorselsanatlar.com.tr\/"},{"@type":"ListItem","position":2,"name":"Food"}]},{"@type":"WebSite","@id":"https:\/\/www.gorselsanatlar.com.tr\/tr\/#website","url":"https:\/\/www.gorselsanatlar.com.tr\/tr\/","name":"GS Packaging","description":"","publisher":{"@id":"https:\/\/www.gorselsanatlar.com.tr\/tr\/#organization"},"potentialAction":[{"@type":"SearchAction","target":{"@type":"EntryPoint","urlTemplate":"https:\/\/www.gorselsanatlar.com.tr\/tr\/?s={search_term_string}"},"query-input":{"@type":"PropertyValueSpecification","valueRequired":true,"valueName":"search_term_string"}}],"inLanguage":"tr"},{"@type":"Organization","@id":"https:\/\/www.gorselsanatlar.com.tr\/tr\/#organization","name":"GS Packaging","url":"https:\/\/www.gorselsanatlar.com.tr\/tr\/","logo":{"@type":"ImageObject","inLanguage":"tr","@id":"https:\/\/www.gorselsanatlar.com.tr\/tr\/#\/schema\/logo\/image\/","url":"https:\/\/www.gorselsanatlar.com.tr\/wp-content\/uploads\/2025\/09\/GSP-logo.webp","contentUrl":"https:\/\/www.gorselsanatlar.com.tr\/wp-content\/uploads\/2025\/09\/GSP-logo.webp","width":689,"height":169,"caption":"GS Packaging"},"image":{"@id":"https:\/\/www.gorselsanatlar.com.tr\/tr\/#\/schema\/logo\/image\/"}}]}},"_links":{"self":[{"href":"https:\/\/www.gorselsanatlar.com.tr\/tr\/wp-json\/wp\/v2\/pages\/3632","targetHints":{"allow":["GET"]}}],"collection":[{"href":"https:\/\/www.gorselsanatlar.com.tr\/tr\/wp-json\/wp\/v2\/pages"}],"about":[{"href":"https:\/\/www.gorselsanatlar.com.tr\/tr\/wp-json\/wp\/v2\/types\/page"}],"author":[{"embeddable":true,"href":"https:\/\/www.gorselsanatlar.com.tr\/tr\/wp-json\/wp\/v2\/users\/1"}],"replies":[{"embeddable":true,"href":"https:\/\/www.gorselsanatlar.com.tr\/tr\/wp-json\/wp\/v2\/comments?post=3632"}],"version-history":[{"count":174,"href":"https:\/\/www.gorselsanatlar.com.tr\/tr\/wp-json\/wp\/v2\/pages\/3632\/revisions"}],"predecessor-version":[{"id":14157,"href":"https:\/\/www.gorselsanatlar.com.tr\/tr\/wp-json\/wp\/v2\/pages\/3632\/revisions\/14157"}],"wp:attachment":[{"href":"https:\/\/www.gorselsanatlar.com.tr\/tr\/wp-json\/wp\/v2\/media?parent=3632"}],"curies":[{"name":"wp","href":"https:\/\/api.w.org\/{rel}","templated":true}]}}